{"id":1017,"date":"2017-07-10T08:55:40","date_gmt":"2017-07-10T08:55:40","guid":{"rendered":"https:\/\/renam.md\/?page_id=1017"},"modified":"2017-07-10T08:55:40","modified_gmt":"2017-07-10T08:55:40","slug":"hotarirea-consiliului-suprem-pentru-stiinta-si-dezvoltare-tehnologica-al-asm-din-15-11-2010","status":"publish","type":"page","link":"https:\/\/renam.md\/ro\/about\/renam-documents\/hotarirea-consiliului-suprem-pentru-stiinta-si-dezvoltare-tehnologica-al-asm-din-15-11-2010\/","title":{"rendered":"Hot\u0103r\u00eerea Consiliului Suprem pentru \u015etiin\u0163\u0103 \u015fi Dezvoltare Tehnologic\u0103 al A\u015eM din 15.11.2010"},"content":{"rendered":"<p><a href=\"https:\/\/renam.md\/hotarirea-consiliului-suprem-pentru-stiinta-si-dezvoltare-tehnologica-al-asm-din-15-11-2010\/cssdt1\/\" rel=\"attachment wp-att-574\"><img loading=\"lazy\" decoding=\"async\" class=\"aligncenter size-full wp-image-574\" src=\"https:\/\/renam.md\/wp-content\/uploads\/2016\/12\/cssdt1.jpg\" alt=\"\" width=\"680\" height=\"1085\" srcset=\"https:\/\/renam.md\/wp-content\/uploads\/2016\/12\/cssdt1.jpg 680w, https:\/\/renam.md\/wp-content\/uploads\/2016\/12\/cssdt1-188x300.jpg 188w, https:\/\/renam.md\/wp-content\/uploads\/2016\/12\/cssdt1-642x1024.jpg 642w\" sizes=\"auto, (max-width: 680px) 100vw, 680px\" \/><\/a><\/p>\n","protected":false},"excerpt":{"rendered":"","protected":false},"author":5,"featured_media":0,"parent":892,"menu_order":0,"comment_status":"closed","ping_status":"closed","template":"about.php","meta":{"_locale":"ro_RO","_original_post":"573","footnotes":""},"class_list":["post-1017","page","type-page","status-publish","hentry","ro-RO"],"_links":{"self":[{"href":"https:\/\/renam.md\/wp-json\/wp\/v2\/pages\/1017","targetHints":{"allow":["GET"]}}],"collection":[{"href":"https:\/\/renam.md\/wp-json\/wp\/v2\/pages"}],"about":[{"href":"https:\/\/renam.md\/wp-json\/wp\/v2\/types\/page"}],"author":[{"embeddable":true,"href":"https:\/\/renam.md\/wp-json\/wp\/v2\/users\/5"}],"replies":[{"embeddable":true,"href":"https:\/\/renam.md\/wp-json\/wp\/v2\/comments?post=1017"}],"version-history":[{"count":1,"href":"https:\/\/renam.md\/wp-json\/wp\/v2\/pages\/1017\/revisions"}],"predecessor-version":[{"id":1020,"href":"https:\/\/renam.md\/wp-json\/wp\/v2\/pages\/1017\/revisions\/1020"}],"up":[{"embeddable":true,"href":"https:\/\/renam.md\/wp-json\/wp\/v2\/pages\/892"}],"wp:attachment":[{"href":"https:\/\/renam.md\/wp-json\/wp\/v2\/media?parent=1017"}],"curies":[{"name":"wp","href":"https:\/\/api.w.org\/{rel}","templated":true}]}}