{"id":1021,"date":"2017-07-10T08:56:01","date_gmt":"2017-07-10T08:56:01","guid":{"rendered":"https:\/\/renam.md\/?page_id=1021"},"modified":"2017-07-10T08:56:01","modified_gmt":"2017-07-10T08:56:01","slug":"lista-membrilor-biroului-consiliului-renam-2006","status":"publish","type":"page","link":"https:\/\/renam.md\/ro\/about\/renam-documents\/lista-membrilor-biroului-consiliului-renam-2006\/","title":{"rendered":"Lista Membrilor biroului Consiliului RENAM &#8211; 2006"},"content":{"rendered":"<table class=\"contentpaneopen\">\n<tbody>\n<tr>\n<td colspan=\"2\" valign=\"top\">\n<table border=\"0\" width=\"100%\" cellspacing=\"0\" cellpadding=\"5\" align=\"center\" bgcolor=\"#cccccc\">\n<tbody>\n<tr>\n<td class=\"tabbold\">\n<div align=\"center\"><b>Nr.<\/b><\/div>\n<\/td>\n<td class=\"tabbold\">\n<div align=\"center\"><b>Nume, prenume<\/b><\/div>\n<\/td>\n<td class=\"tabbold\">\n<div align=\"center\"><b>Institu\u0163ia<\/b><\/div>\n<\/td>\n<\/tr>\n<tr>\n<td class=\"tabt\">1.<\/td>\n<td class=\"tabt\">acad. <b>Andrie\u015f Andrei<\/b><\/td>\n<td class=\"tabt\">Director General AO RENAM<\/td>\n<\/tr>\n<tr>\n<td class=\"tabt\">2.<\/td>\n<td class=\"tabt\">acad. <b>Bostan Ion<\/b><\/td>\n<td class=\"tabt\">Rector Universit\u0103\u0163ii Tehnice din Moldova<\/td>\n<\/tr>\n<tr>\n<td class=\"tabt\">3.<\/td>\n<td class=\"tabt\">prof. <b>Belostecnic Grigore<\/b><\/td>\n<td class=\"tabt\">Rectorul Academiei de Studii Economice din Moldova<\/td>\n<\/tr>\n<tr>\n<td class=\"tabt\">4.<\/td>\n<td class=\"tabt\">acad. <b>Ababii Ion<\/b><\/td>\n<td class=\"tabt\">Rector Universit\u0103\u0163ii de Stat de Medicin\u0103 \u015fi Farmaceutic\u0103 \u201eN.Testemi\u0163anu\u201d din Moldova<\/td>\n<\/tr>\n<tr>\n<td class=\"tabt\">5.<\/td>\n<td class=\"tabt\">prof. <b>Cimpoe\u015f Gheorghe<\/b><\/td>\n<td class=\"tabt\">Rectorul Universit\u0103\u0163ii Agrare de Stat<\/td>\n<\/tr>\n<tr>\n<td class=\"tabt\">6.<\/td>\n<td class=\"tabt\">acad. <b>Filip Nicolae<\/b><\/td>\n<td class=\"tabt\">Rectorul Universit\u0103\u0163ii Pedagogice de Stat \u201eA.Ruso\u201d din B\u0103l\u0163i<\/td>\n<\/tr>\n<tr>\n<td class=\"tabt\">7.<\/td>\n<td class=\"tabt\">prof. <b>Gu\u0163u Ion<\/b><\/td>\n<td class=\"tabt\">Rectorul Universit\u0103\u0163ii Pedagogice de Stat \u201eI.Creang\u0103\u201d<\/td>\n<\/tr>\n<tr>\n<td class=\"tabt\">8.<\/td>\n<td class=\"tabt\">prof. <b>Tighineanu Ion<\/b><\/td>\n<td class=\"tabt\">Vicepre\u015fedinte al A.\u015e.M.<\/td>\n<\/tr>\n<tr>\n<td class=\"tabt\">9.<\/td>\n<td class=\"tabt\">dr. <b>Secrieru Grigore<\/b><\/td>\n<td class=\"tabt\">Director Executiv RENAM<\/td>\n<\/tr>\n<\/tbody>\n<\/table>\n<\/td>\n<\/tr>\n<\/tbody>\n<\/table>\n<p><span class=\"article_seperator\">\u00a0<\/span><\/p>\n","protected":false},"excerpt":{"rendered":"<p>Nr. Nume, prenume Institu\u0163ia 1. acad. Andrie\u015f Andrei Director General AO RENAM 2. acad. Bostan Ion Rector Universit\u0103\u0163ii Tehnice din Moldova 3. prof. Belostecnic Grigore Rectorul Academiei de Studii Economice din Moldova 4. acad. Ababii Ion Rector Universit\u0103\u0163ii de Stat de Medicin\u0103 \u015fi Farmaceutic\u0103 \u201eN.Testemi\u0163anu\u201d din Moldova 5. prof. Cimpoe\u015f Gheorghe Rectorul Universit\u0103\u0163ii Agrare de Stat 6. acad. Filip Nicolae Rectorul Universit\u0103\u0163ii Pedagogice de Stat \u201eA.Ruso\u201d din B\u0103l\u0163i 7. prof. Gu\u0163u Ion Rectorul Universit\u0103\u0163ii Pedagogice de Stat \u201eI.Creang\u0103\u201d 8. prof. Tighineanu Ion Vicepre\u015fedinte al A.\u015e.M. 9. dr. Secrieru Grigore Director Executiv RENAM \u00a0<\/p>\n","protected":false},"author":5,"featured_media":0,"parent":892,"menu_order":0,"comment_status":"closed","ping_status":"closed","template":"about.php","meta":{"_locale":"ro_RO","_original_post":"595","footnotes":""},"class_list":["post-1021","page","type-page","status-publish","hentry","ro-RO"],"_links":{"self":[{"href":"https:\/\/renam.md\/wp-json\/wp\/v2\/pages\/1021","targetHints":{"allow":["GET"]}}],"collection":[{"href":"https:\/\/renam.md\/wp-json\/wp\/v2\/pages"}],"about":[{"href":"https:\/\/renam.md\/wp-json\/wp\/v2\/types\/page"}],"author":[{"embeddable":true,"href":"https:\/\/renam.md\/wp-json\/wp\/v2\/users\/5"}],"replies":[{"embeddable":true,"href":"https:\/\/renam.md\/wp-json\/wp\/v2\/comments?post=1021"}],"version-history":[{"count":1,"href":"https:\/\/renam.md\/wp-json\/wp\/v2\/pages\/1021\/revisions"}],"predecessor-version":[{"id":1024,"href":"https:\/\/renam.md\/wp-json\/wp\/v2\/pages\/1021\/revisions\/1024"}],"up":[{"embeddable":true,"href":"https:\/\/renam.md\/wp-json\/wp\/v2\/pages\/892"}],"wp:attachment":[{"href":"https:\/\/renam.md\/wp-json\/wp\/v2\/media?parent=1021"}],"curies":[{"name":"wp","href":"https:\/\/api.w.org\/{rel}","templated":true}]}}