{"id":1069,"date":"2017-07-10T09:00:42","date_gmt":"2017-07-10T09:00:42","guid":{"rendered":"https:\/\/renam.md\/?page_id=1069"},"modified":"2017-07-10T09:00:42","modified_gmt":"2017-07-10T09:00:42","slug":"sedinta-consiliului-a-o-renam-2004","status":"publish","type":"page","link":"https:\/\/renam.md\/ro\/about\/renam-documents\/sedinta-consiliului-a-o-renam-2004\/","title":{"rendered":"Sedinta Consiliului A.O. RENAM &#8211; 2004"},"content":{"rendered":"<table class=\"contentpaneopen\">\n<tbody>\n<tr>\n<td colspan=\"2\" valign=\"top\">\n<h3 align=\"center\">HOT\u0102R\u00ceRE nr. 02-12<\/h3>\n<p>&nbsp;<\/p>\n<table border=\"0\" width=\"100%\">\n<tbody>\n<tr>\n<td>mun. Chi\u015fin\u0103u<\/td>\n<td align=\"right\">din 16.12.2004<\/td>\n<\/tr>\n<\/tbody>\n<\/table>\n<p>&nbsp;<\/p>\n<div align=\"justify\">\n<p>Lu\u00e2nd \u00een considera\u0163ie obiectivele edific\u0103rii societ\u0103\u0163ii informa\u0163ionale \u00een Moldova \u015fi examin\u00e2nd rezultatele activit\u0103\u0163ii direc\u0163iei executive AO RENAM \u00een anul 2004 \u015fi planul de activitate al asocia\u0163iei \u00een anul 2005, privind necesit\u0103\u0163ile de utilizare \u015fi dezvoltare a serviciilor transport date \u015fi acces Internet \u00een sfera \u015ftiin\u0163ifico-educa\u0163ional\u0103 Consiliul <b>A.O. RENAM HOT\u0102R\u0102\u015eTE:<\/b><\/p>\n<ul>\n<li style=\"list-style-type: none;\">\n<ul>\n<li>A aproba raportul privind activitatea direc\u0163iei executive, func\u0163ionarea re\u0163elei RENAM \u015fi accesului Internet \u00een anul 2004.<\/li>\n<\/ul>\n<\/li>\n<\/ul>\n<ul>\n<li style=\"list-style-type: none;\">\n<ul>\n<li>A aproba planul de ac\u0163iuni \u015fi devizul de cheltuieli al A.O. RENAM pentru anul 2005, determin\u00e2nd ca obiective principale:\n<ol>\n<li class=\"circle\">perfec\u0163ionarea func\u0163ion\u0103rii \u015fi majorarea capacit\u0103\u0163ii canalelor externe de trafic Internet \u015fi minimizarea costului unit\u0103\u0163ii de trafic \u00een re\u0163eaua RENAM;<\/li>\n<li class=\"circle\">crearea magistralelor de fibr\u0103 optic\u0103 \u015fi <i>wirelss<\/i>, dezvoltarea resurselor informa\u0163ionale autohtone \u015fi accesului la resursele digitale mondiale (www, jurnale \u015ftiin\u0163ifice electronice, baze de date etc.) cu promovarea tehnologiilor moderne Intranet\/Internet \u015fi cooper\u0103rii academice interna\u0163ionale;<\/li>\n<li class=\"circle\">extinderea infrastructurii re\u0163elei RENAM prin conectarea la re\u0163ea a noi institu\u0163ii \u015fi organiza\u0163ii de cercetare, \u00eenv\u0103\u0163\u0103m\u00e2nt \u015fi medicin\u0103, asigur\u00e2nd func\u0163ionarea re\u0163elei \u00een regim de 24 ore din 24 ore \u015fi perfec\u0163ionarea serviciilor de re\u0163ea \u015fi securitate a informa\u0163iei.<\/li>\n<\/ol>\n<\/li>\n<\/ul>\n<\/li>\n<\/ul>\n<ul>\n<li style=\"list-style-type: none;\">\n<ul>\n<li>A stabili procedura de numire a pre\u015fedintelui Consiliului AO RENAM prin rota\u0163ie pe un termin de un an din membrii Consiliului, reprezentan\u0163i ai A\u015eM, USM, UTM, ASEM \u015fi altor universit\u0103\u0163i conectate la re\u0163eaua RENAM.<\/li>\n<\/ul>\n<\/li>\n<\/ul>\n<ul>\n<li style=\"list-style-type: none;\">\n<ul>\n<li>A numi <b>acad. Gheorghe Duca<\/b> pre\u015fedinte al Consiliului AO RENAM pe anul 2005.<\/li>\n<\/ul>\n<\/li>\n<\/ul>\n<ul>\n<li style=\"list-style-type: none;\">\n<ul>\n<li>A numi Co\u2013pre\u015fedintele <b>acad. Andrei Andrie\u015f<\/b> \u00een func\u0163ia de director general al AO RENAM \u00eencep\u00e2nd cu data de 01.01.2005.<\/li>\n<\/ul>\n<\/li>\n<\/ul>\n<ul>\n<li style=\"list-style-type: none;\">\n<ul>\n<li>Directorul general (<b>acad. A. Andrie\u015f<\/b>) a elabora Regulamentul cu privire la Consiliul AO RENAM \u015fi prezenta spre aprobare Consiliului AO RENAM p\u00e2n\u0103 la 30.03.2005.<\/li>\n<\/ul>\n<\/li>\n<\/ul>\n<ul>\n<li>A include \u00een componen\u0163a Consiliului AO RENAM <b>dr. Vladimir Izba\u015f<\/b>, director al Centrului Resurse \u015fi Re\u0163ele Informa\u0163ionale A.\u015e.M.<\/li>\n<\/ul>\n<p align=\"left\">Pre\u015fedintele \u015fedin\u0163ei Consiliului A.O. RENAM,<br \/>\n_____________________________________<br \/>\nacad. <b>Gheorghe DUCA<\/b>, Pre\u015fedintele<br \/>\nAcademiei de \u015etiin\u0163e a Moldovei<\/p>\n<\/div>\n<\/td>\n<\/tr>\n<\/tbody>\n<\/table>\n<p><span class=\"article_seperator\">\u00a0<\/span><\/p>\n","protected":false},"excerpt":{"rendered":"<p>HOT\u0102R\u00ceRE nr. 02-12 &nbsp; mun. Chi\u015fin\u0103u din 16.12.2004 &nbsp; Lu\u00e2nd \u00een considera\u0163ie obiectivele edific\u0103rii societ\u0103\u0163ii informa\u0163ionale \u00een Moldova \u015fi examin\u00e2nd rezultatele activit\u0103\u0163ii direc\u0163iei executive AO RENAM \u00een anul 2004 \u015fi planul de activitate al asocia\u0163iei \u00een anul 2005, privind necesit\u0103\u0163ile de utilizare \u015fi dezvoltare a serviciilor transport date \u015fi acces Internet \u00een sfera \u015ftiin\u0163ifico-educa\u0163ional\u0103 Consiliul A.O. RENAM HOT\u0102R\u0102\u015eTE: A aproba raportul privind activitatea direc\u0163iei executive, func\u0163ionarea re\u0163elei RENAM \u015fi accesului Internet \u00een anul 2004. A aproba planul de ac\u0163iuni \u015fi devizul de cheltuieli al A.O. RENAM pentru anul 2005, determin\u00e2nd ca obiective principale: perfec\u0163ionarea func\u0163ion\u0103rii \u015fi majorarea capacit\u0103\u0163ii canalelor externe de trafic Internet \u015fi minimizarea costului unit\u0103\u0163ii de trafic \u00een re\u0163eaua RENAM; crearea magistralelor de fibr\u0103 optic\u0103 \u015fi wirelss, dezvoltarea resurselor informa\u0163ionale autohtone \u015fi accesului la resursele digitale mondiale (www, jurnale \u015ftiin\u0163ifice electronice, baze de date etc.) cu promovarea tehnologiilor moderne Intranet\/Internet \u015fi cooper\u0103rii academice interna\u0163ionale; extinderea infrastructurii re\u0163elei RENAM prin conectarea la re\u0163ea a noi institu\u0163ii \u015fi organiza\u0163ii de cercetare, \u00eenv\u0103\u0163\u0103m\u00e2nt \u015fi medicin\u0103, asigur\u00e2nd func\u0163ionarea re\u0163elei \u00een regim de 24 ore din 24 ore \u015fi perfec\u0163ionarea serviciilor de re\u0163ea \u015fi securitate a informa\u0163iei. A stabili procedura de numire a pre\u015fedintelui Consiliului AO RENAM prin rota\u0163ie pe un termin de un an din membrii Consiliului, reprezentan\u0163i ai A\u015eM, USM, UTM, ASEM \u015fi altor universit\u0103\u0163i conectate la re\u0163eaua RENAM. A numi acad. Gheorghe Duca pre\u015fedinte al Consiliului AO RENAM pe anul 2005. A numi Co\u2013pre\u015fedintele acad. Andrei Andrie\u015f \u00een func\u0163ia de director general al AO RENAM \u00eencep\u00e2nd cu data de 01.01.2005. Directorul general (acad. A. Andrie\u015f) a elabora Regulamentul cu privire la Consiliul AO RENAM \u015fi prezenta spre aprobare Consiliului AO RENAM p\u00e2n\u0103 la 30.03.2005. A include \u00een componen\u0163a Consiliului AO RENAM dr. Vladimir Izba\u015f, director al Centrului Resurse \u015fi Re\u0163ele Informa\u0163ionale A.\u015e.M. Pre\u015fedintele \u015fedin\u0163ei Consiliului A.O. RENAM, _____________________________________ acad. Gheorghe DUCA, Pre\u015fedintele Academiei de \u015etiin\u0163e a Moldovei \u00a0<\/p>\n","protected":false},"author":5,"featured_media":0,"parent":892,"menu_order":0,"comment_status":"closed","ping_status":"closed","template":"about.php","meta":{"_locale":"ro_RO","_original_post":"628","footnotes":""},"class_list":["post-1069","page","type-page","status-publish","hentry","ro-RO"],"_links":{"self":[{"href":"https:\/\/renam.md\/wp-json\/wp\/v2\/pages\/1069","targetHints":{"allow":["GET"]}}],"collection":[{"href":"https:\/\/renam.md\/wp-json\/wp\/v2\/pages"}],"about":[{"href":"https:\/\/renam.md\/wp-json\/wp\/v2\/types\/page"}],"author":[{"embeddable":true,"href":"https:\/\/renam.md\/wp-json\/wp\/v2\/users\/5"}],"replies":[{"embeddable":true,"href":"https:\/\/renam.md\/wp-json\/wp\/v2\/comments?post=1069"}],"version-history":[{"count":1,"href":"https:\/\/renam.md\/wp-json\/wp\/v2\/pages\/1069\/revisions"}],"predecessor-version":[{"id":1072,"href":"https:\/\/renam.md\/wp-json\/wp\/v2\/pages\/1069\/revisions\/1072"}],"up":[{"embeddable":true,"href":"https:\/\/renam.md\/wp-json\/wp\/v2\/pages\/892"}],"wp:attachment":[{"href":"https:\/\/renam.md\/wp-json\/wp\/v2\/media?parent=1069"}],"curies":[{"name":"wp","href":"https:\/\/api.w.org\/{rel}","templated":true}]}}