{"id":892,"date":"2017-05-08T14:23:22","date_gmt":"2017-05-08T14:23:22","guid":{"rendered":"https:\/\/renam.md\/?page_id=892"},"modified":"2026-04-30T09:47:22","modified_gmt":"2026-04-30T07:47:22","slug":"renam-documents","status":"publish","type":"page","link":"https:\/\/renam.md\/ro\/about\/renam-documents\/","title":{"rendered":"Documente"},"content":{"rendered":"\n<fieldset><legend>Planul RENAM privind egalitatea de gen<\/legend>\n<ul>\n<li><a href=\"https:\/\/renam.md\/wp-content\/uploads\/2025\/12\/RENAM-Gender-Equality-Plan-Report-2025.pdf\" target=\"_self\" rel=\"noopener noreferrer\">RENAM&#8217;s Gender Equality Plan &#8211; 2025 Report<\/a><\/li>\n<li><a href=\"https:\/\/renam.md\/wp-content\/uploads\/2024\/04\/RENAM-Gender-Equality-Plan-2024-final.pdf\" target=\"_self\" rel=\"noopener noreferrer\">RENAM&#8217;s Gender Equality Plan 2024-2029<\/a><\/li>\n<\/ul>\n<\/fieldset>\n\n\n\n<fieldset><legend>Logotipul RENAM<\/legend>\n<ul>\n<li>RENAM logo, JPG format (<a href=\"https:\/\/renam.md\/wp-content\/uploads\/2021\/02\/RENAM_logo_1913x817.jpg\" target=\"_self\" rel=\"noopener noreferrer\">1913 x 817<\/a> px, <a href=\"https:\/\/renam.md\/wp-content\/uploads\/2021\/02\/RENAM_logo_500x213.jpg\" target=\"_self\" rel=\"noopener noreferrer\">500 x 213<\/a> px)<\/li>\n<li>RENAM logo, PNG format (<a href=\"https:\/\/renam.md\/wp-content\/uploads\/2021\/02\/RENAM_logo_900x384.png\" target=\"_self\" rel=\"noopener noreferrer\">900 x 384<\/a> px, <a href=\"https:\/\/renam.md\/wp-content\/uploads\/2021\/02\/RENAM_logo_459x196.png\" target=\"_self\" rel=\"noopener noreferrer\">459 x 196<\/a> px)<\/li>\n<\/ul>\n<\/fieldset>\n\n\n\n<fieldset><legend>Documente oficiale RENAM<\/legend>\n<ul>\n<li><a href=\"https:\/\/renam.md\/wp-content\/uploads\/2026\/02\/Acord_colaborare_MEC_RENAM_august_2025.pdf\" target=\"_blank\" rel=\"noopener noreferrer\">Acord de colaborare \u015fi parteneriat pentru dezvoltarea platformei NREN RENAM-GEANT \u015fi valorificarea serviciilor specifice \u00een sectorul na\u021bional de educa\u021bie \u015fi cercetare &#8211; 2025<\/a> (ro)<\/li>\n<li><a href=\"https:\/\/renam.md\/wp-content\/uploads\/2017\/02\/PlanActMemorand16-GV_f.pdf\" target=\"_blank\" rel=\"noopener noreferrer\">Planul Strategic de Ac\u021biuni 2016-2020<\/a><\/li>\n<li><a href=\"https:\/\/renam.md\/wp-content\/uploads\/2017\/02\/Memorand_RENAM-2016.pdf\" target=\"_blank\" rel=\"noopener noreferrer\">Memorandum de Colaborare \u0219i Parteneriat<\/a><\/li>\n<li>\n<div><a href=\"https:\/\/renam.md\/about\/renam-documents\/sedinta-consiliului-renam-hotarare-11-01\/\" target=\"_self\" rel=\"noopener noreferrer\">Hot\u0103r\u00eerea \u0218edin\u021bei Consiliului RENAM din 31.03.2011<\/a><\/div>\n<\/li>\n<li>\n<div><a href=\"https:\/\/renam.md\/about\/renam-documents\/hotarirea-consiliului-suprem-pentru-stiinta-si-dezvoltare-tehnologica-al-asm-din-15-11-2010\/\" target=\"_self\" rel=\"noopener noreferrer\">Hot\u0103r\u00eerea Consiliului Suprem pentru \u015etiin\u0163\u0103 \u015fi Dezvoltare Tehnologic\u0103 al A\u015eM din 15.11.2010<\/a><\/div>\n<\/li>\n<li>\n<div><a href=\"https:\/\/renam.md\/about\/renam-documents\/hotarirea-consiliului-rectorilor-din-republica-moldova-din-4-11-2010\/\" target=\"_self\" rel=\"noopener noreferrer\">Hot\u0103r\u00eerea Consiliului Rectorilor din Republica Moldova din 4.11.2010<\/a><\/div>\n<\/li>\n<li><a href=\"https:\/\/renam.md\/about\/renam-documents\/planul-de-actiuni-renam-2007\/\" target=\"_self\" rel=\"noopener noreferrer\">Planul de ac\u0163iuni RENAM &#8211; 2007<\/a><\/li>\n<li><a href=\"https:\/\/renam.md\/about\/renam-documents\/biroul-consiliului-ao-renam-pe-anul-2007\/\" target=\"_self\" rel=\"noopener noreferrer\">Lista Membrilor biroului Consiliului RENAM &#8211; 2007<\/a><\/li>\n<li><a href=\"https:\/\/renam.md\/about\/renam-documents\/lista-membrilor-biroului-consiliului-renam-2006\/\" target=\"_self\" rel=\"noopener noreferrer\">Lista Membrilor biroului Consiliului RENAM &#8211; 2006<\/a><\/li>\n<li><a href=\"https:\/\/renam.md\/about\/renam-documents\/renam-public-association-council-regulation\/\" target=\"_self\" rel=\"noopener noreferrer\">RENAM Public Association Council Regulation<\/a><\/li>\n<li><a title=\"Edit Content\" href=\"https:\/\/renam.md\/about\/renam-documents\/regulamentul-consiliului-asociaciei-renam\/\" target=\"_self\" rel=\"noopener noreferrer\">Regulamentul Consiliului Asociaciei RENAM<\/a><\/li>\n<li><a href=\"https:\/\/renam.md\/about\/renam-documents\/accord-de-cooperare-in-tehnologii-informationale\/\" target=\"_self\" rel=\"noopener noreferrer\">Acord de cooperare \u00een tehnologii informa\u021bionale<\/a> (ro)<\/li>\n<li><a href=\"https:\/\/renam.md\/about\/renam-documents\/agreement-of-collaboration-in-the-field-of-information-technology\/\" target=\"_self\" rel=\"noopener noreferrer\">Agreement of collaboration in the field of information technology<\/a> (en)<\/li>\n<\/ul>\n<\/fieldset>\n\n\n\n<fieldset>\n<legend>Hot\u0103r\u00e2rile Consiliului RENAM<\/legend>\n<ul>\n<li><a title=\"Edit Content\" href=\"https:\/\/renam.md\/about\/renam-documents\/sedinta-consiliului-a-o-renam-2006\/\" target=\"_self\" rel=\"noopener noreferrer\">Sedinta Consiliului A.O. RENAM &#8211; 2006<\/a><\/li>\n<li><a title=\"Edit Content\" href=\"https:\/\/renam.md\/about\/renam-documents\/sedinta-consiliului-a-o-renam-2005\/\" target=\"_self\" rel=\"noopener noreferrer\">Sedinta Consiliului A.O. RENAM &#8211; 2005<\/a><\/li>\n<li><a title=\"Edit Content\" href=\"https:\/\/renam.md\/about\/renam-documents\/sedinta-consiliului-a-o-renam-2004\/\" target=\"_self\" rel=\"noopener noreferrer\">Sedinta Consiliului A.O. RENAM &#8211; 2004<\/a><\/li>\n<li><a title=\"Edit Content\" href=\"https:\/\/renam.md\/about\/renam-documents\/sedinta-consiliului-a-o-renam-2003\/\" target=\"_self\" rel=\"noopener noreferrer\">Sedinta Consiliului A.O. RENAM &#8211; 2003<\/a><\/li>\n<\/ul>\n<\/fieldset>\n\n\n\n<fieldset><legend>RENAM Association rules and regulations<\/legend>\n<ul class=\"list-type: none;\">\n<li class=\"mainbody\">Parametri de calitate &#8211; 2020 (<a href=\"https:\/\/renam.md\/wp-content\/uploads\/2020\/12\/RENAM-Indicatori-Calitate-Anexa-1-Sem1-2020.pdf\" target=\"_blank\" rel=\"noopener noreferrer\">Anexa 1<\/a>, <a href=\"https:\/\/renam.md\/wp-content\/uploads\/2020\/12\/RENAM-Indicatori-Calitate-Anexa-2-Sem1-2020.pdf\" target=\"_blank\" rel=\"noopener noreferrer\">Anexa 2<\/a>)<\/li>\n<li class=\"mainbody\"><a href=\"https:\/\/renam.md\/about\/renam-documents\/parametri-de-calitate\/\" target=\"_self\" rel=\"noopener noreferrer\">Parametri de calitate &#8211; 2017<\/a><\/li>\n<li class=\"mainbody\"><a href=\"https:\/\/renam.md\/wp-content\/uploads\/2016\/12\/contract_servicii_RENAM.pdf\" target=\"_self\" rel=\"noopener noreferrer\">Clauzele contractuale standart<\/a><\/li>\n<li class=\"mainbody\"><a href=\"https:\/\/renam.md\/wp-content\/uploads\/2016\/12\/procedura_reclamatiilor.pdf\" target=\"_self\" rel=\"noopener noreferrer\">Conditiile de furnizare si utilizare a serviciilor\/procedura de examinare a reclamatiilor<\/a><\/li>\n<li class=\"mainbody\"><a href=\"https:\/\/renam.md\/about\/renam-documents\/accessible-use-policy-for-renam-data-communication-infrastructure\/\" target=\"_self\" rel=\"noopener noreferrer\">Accessible Use Policy for RENAM Data Communication Infrastructure<\/a><\/li>\n<li><span class=\"mainbody\"><a href=\"https:\/\/renam.md\/about\/renam-documents\/regulament-de-utilizare-accesibila-a-infrastructurii-de-comunicatii-de-date-renam\/\" target=\"_self\" rel=\"noopener noreferrer\">Regulament de Utilizare Accesibila a Infrastructurii de Comunicatii de Date RENAM<\/a> <\/span><\/li>\n<li class=\"mainbody\"><a href=\"https:\/\/renam.md\/regulament-despre-procedurile-de-asociere-a-membrilor-participanti-ai-asociatiei-obstesti-renam\/\" target=\"_self\" rel=\"noopener noreferrer\">Regulament despre procedurile de asociere a membrilor participanti ai Asociatiei Obstesti RENAM<\/a> (ro)<\/li>\n<li class=\"mainbody\"><a href=\"https:\/\/renam.md\/application-for-renam-membership\/\" target=\"_self\" rel=\"noopener noreferrer\">Application for RENAM membership<\/a> (en)<\/li>\n<\/ul>\n<\/fieldset>\n\n\n\n<fieldset><legend>RENAM Association foundation documents<\/legend>\n<ul>\n<li><a href=\"https:\/\/renam.md\/wp-content\/uploads\/2019\/02\/Registration-certificate-RENAM-MD_RO.pdf\" target=\"_self\" rel=\"noopener noreferrer\">New RENAM registration certificate<\/a><\/li>\n<li><a href=\"https:\/\/renam.md\/wp-content\/uploads\/2019\/02\/RENAM_Registration-Certificate_EN.pdf\" target=\"_self\" rel=\"noopener noreferrer\"> New RENAM registration certificate<\/a> (en)<\/li>\n<li><a href=\"https:\/\/renam.md\/wp-content\/uploads\/2026\/04\/Statutul-Nou-RENAM-27-iunie-2022.pdf\" target=\"_self\" rel=\"noopener noreferrer\">Statutul nou RENAM &#8211; 27 iunie 2022<\/a><\/li>\n<li><a href=\"https:\/\/renam.md\/registration-certificate-en\/\" target=\"_self\" rel=\"noopener noreferrer\">Registration certificate<\/a> (en)<\/li>\n<li><a href=\"https:\/\/renam.md\/wp-content\/uploads\/2016\/12\/certificat_ro.jpg\" target=\"_self\" rel=\"noopener noreferrer\">Registration certificate<\/a> (ro)<\/li>\n<li><a href=\"https:\/\/renam.md\/wp-content\/uploads\/2016\/12\/licence2009.jpg\" target=\"_self\" rel=\"noopener noreferrer\">Licence: Prestarea serviciilor in domenul informaticii<\/a><\/li>\n<\/ul>\n<\/fieldset>\n\n\n\n<fieldset><legend>Alte documente<\/legend>\n<ul><li><a href=\"https:\/\/renam.md\/wp-content\/uploads\/2021\/12\/NI4OS-Europe-GDPR-DPO-CISO-Data-Protection-Policy-RENAM-EU-projects.pdf\">Compendium 2021 Q13 &amp; Q14<\/a><\/li><\/ul>\n<\/ul>\n<\/fieldset>\n\n\n\n<fieldset><legend>Arhiva<\/legend>\n<ul>\n<li><a href=\"https:\/\/renam.md\/wp-content\/uploads\/2016\/12\/doc1.zip\" target=\"_self\" rel=\"noopener noreferrer\">RENAM documents archive<\/a><\/li>\n<\/ul>\n<\/fieldset>\n","protected":false},"excerpt":{"rendered":"<p>Planul RENAM privind egalitatea de gen RENAM&#8217;s Gender Equality Plan &#8211; 2025 Report RENAM&#8217;s Gender Equality Plan 2024-2029 Logotipul RENAM RENAM logo, JPG format (1913 x 817 px, 500 x 213 px) RENAM logo, PNG format (900 x 384 px, 459 x 196 px) Documente oficiale RENAM Acord de colaborare \u015fi parteneriat pentru dezvoltarea platformei NREN RENAM-GEANT \u015fi valorificarea serviciilor specifice \u00een sectorul na\u021bional de educa\u021bie \u015fi cercetare &#8211; 2025 (ro) Planul Strategic de Ac\u021biuni 2016-2020 Memorandum de Colaborare \u0219i Parteneriat Hot\u0103r\u00eerea \u0218edin\u021bei Consiliului RENAM din 31.03.2011 Hot\u0103r\u00eerea Consiliului Suprem pentru \u015etiin\u0163\u0103 \u015fi Dezvoltare Tehnologic\u0103 al A\u015eM din 15.11.2010 Hot\u0103r\u00eerea Consiliului Rectorilor din Republica Moldova din 4.11.2010 Planul de ac\u0163iuni RENAM &#8211; 2007 Lista Membrilor biroului Consiliului RENAM &#8211; 2007 Lista Membrilor biroului Consiliului RENAM &#8211; 2006 RENAM Public Association Council Regulation Regulamentul Consiliului Asociaciei RENAM Acord de cooperare \u00een tehnologii informa\u021bionale (ro) Agreement of collaboration in the field of information technology (en) Hot\u0103r\u00e2rile Consiliului RENAM Sedinta Consiliului A.O. RENAM &#8211; 2006 Sedinta Consiliului A.O. RENAM &#8211; 2005 Sedinta Consiliului A.O. RENAM &#8211; 2004 Sedinta Consiliului A.O. RENAM &#8211; 2003 RENAM Association rules and regulations Parametri de calitate &#8211; 2020 (Anexa 1, Anexa 2) Parametri de calitate &#8211; 2017 Clauzele contractuale standart Conditiile de furnizare si utilizare a serviciilor\/procedura de examinare a reclamatiilor Accessible Use Policy for RENAM Data Communication Infrastructure Regulament de Utilizare Accesibila a Infrastructurii de Comunicatii de Date RENAM Regulament despre procedurile de asociere a membrilor participanti ai Asociatiei Obstesti RENAM (ro) Application for RENAM membership (en) RENAM Association foundation documents New RENAM registration certificate New RENAM registration certificate (en) Statutul nou RENAM &#8211; 27 iunie 2022 Registration certificate (en) Registration certificate (ro) Licence: Prestarea serviciilor in domenul informaticii Alte documente Compendium 2021 Q13 &amp; Q14 Arhiva RENAM documents archive<\/p>\n","protected":false},"author":5,"featured_media":0,"parent":877,"menu_order":0,"comment_status":"closed","ping_status":"closed","template":"about.php","meta":{"_locale":"ro_RO","_original_post":"336","footnotes":""},"class_list":["post-892","page","type-page","status-publish","hentry","ro-RO"],"_links":{"self":[{"href":"https:\/\/renam.md\/wp-json\/wp\/v2\/pages\/892","targetHints":{"allow":["GET"]}}],"collection":[{"href":"https:\/\/renam.md\/wp-json\/wp\/v2\/pages"}],"about":[{"href":"https:\/\/renam.md\/wp-json\/wp\/v2\/types\/page"}],"author":[{"embeddable":true,"href":"https:\/\/renam.md\/wp-json\/wp\/v2\/users\/5"}],"replies":[{"embeddable":true,"href":"https:\/\/renam.md\/wp-json\/wp\/v2\/comments?post=892"}],"version-history":[{"count":16,"href":"https:\/\/renam.md\/wp-json\/wp\/v2\/pages\/892\/revisions"}],"predecessor-version":[{"id":3032,"href":"https:\/\/renam.md\/wp-json\/wp\/v2\/pages\/892\/revisions\/3032"}],"up":[{"embeddable":true,"href":"https:\/\/renam.md\/wp-json\/wp\/v2\/pages\/877"}],"wp:attachment":[{"href":"https:\/\/renam.md\/wp-json\/wp\/v2\/media?parent=892"}],"curies":[{"name":"wp","href":"https:\/\/api.w.org\/{rel}","templated":true}]}}