{"id":1006,"date":"2017-07-10T08:54:38","date_gmt":"2017-07-10T08:54:38","guid":{"rendered":"https:\/\/renam.md\/?page_id=1006"},"modified":"2017-07-10T08:54:38","modified_gmt":"2017-07-10T08:54:38","slug":"biroul-consiliului-ao-renam-pe-anul-2007","status":"publish","type":"page","link":"https:\/\/renam.md\/ru\/about\/renam-documents\/biroul-consiliului-ao-renam-pe-anul-2007\/","title":{"rendered":"Biroul Consiliului AO RENAM pe anul 2007"},"content":{"rendered":"<h3 align=\"center\">DISPOZI\u0162IE Nr. 07 &#8212; 03<\/h3>\n<p>&nbsp;<\/p>\n<table border=\"0\" width=\"100%\">\n<tbody>\n<tr>\n<td>mun. Chi\u015fin\u0103u<\/td>\n<td align=\"right\">din 30 martie 2007<\/td>\n<\/tr>\n<\/tbody>\n<\/table>\n<p>&nbsp;<\/p>\n<p align=\"justify\">In scopul asigur\u0103rii activit\u0103\u0163ii operative a Consiliului AO RENAM privind realizarea direc\u0163iilor prioritare de asigurare cu servicii de re\u0163ea, informa\u0163ionale \u015fi acces Internet a institu\u0163iilor din sfera de cercetare, educa\u0163ie \u015fi inovare a crea Biroul Consiliului AO RENAM pe anul 2007 \u00een urm\u0103toarea componen\u0163\u0103:<\/p>\n<p>&nbsp;<\/p>\n<table border=\"0\" width=\"60%\" align=\"center\">\n<tbody>\n<tr>\n<td width=\"60%\">\n<ul>\n<li class=\"check2\">acad. Ion BOSTAN (UTM)<\/li>\n<\/ul>\n<\/td>\n<td valign=\"top\">\u2013 pre\u015fedintele biroului<\/td>\n<\/tr>\n<tr>\n<td>\n<ul>\n<li class=\"check2\">acad. Andrei ANDRIE\u015e (dir. gener.)<\/li>\n<\/ul>\n<\/td>\n<td valign=\"top\">\u2013 membrul biroului<\/td>\n<\/tr>\n<tr>\n<td>\n<ul>\n<li class=\"check2\">m. cor. Gheorghe RUSNAC (USM)<\/li>\n<\/ul>\n<\/td>\n<td valign=\"top\">\u2013 membrul biroului<\/td>\n<\/tr>\n<tr>\n<td>\n<ul>\n<li class=\"check2\">prof. Ion TIGHINEANU (A\u015eM)<\/li>\n<\/ul>\n<\/td>\n<td valign=\"top\">\u2013 membrul biroului<\/td>\n<\/tr>\n<tr>\n<td>\n<ul>\n<li class=\"check2\">prof. Grigore BELOSTECINIC (ASEM)<\/li>\n<\/ul>\n<\/td>\n<td valign=\"top\">\u2013 membrul biroului<\/td>\n<\/tr>\n<tr>\n<td>\n<ul>\n<li class=\"check2\">dr. conf. Grigore SECRIERU (dir. exec.)<\/li>\n<\/ul>\n<\/td>\n<td valign=\"top\">\u2013 membrul biroului<\/td>\n<\/tr>\n<tr>\n<td><\/td>\n<td><\/td>\n<\/tr>\n<tr>\n<td><\/td>\n<td><\/td>\n<\/tr>\n<tr>\n<td valign=\"top\">Pre\u015fedintele \u015fedin\u0163ei Consiliului A.O. RENAM,<\/td>\n<td valign=\"top\">Acad. <b>Ion BOSTAN<\/b><\/td>\n<\/tr>\n<\/tbody>\n<\/table>\n","protected":false},"excerpt":{"rendered":"<p>DISPOZI\u0162IE Nr. 07 &#8212; 03 &nbsp; mun. Chi\u015fin\u0103u din 30 martie 2007 &nbsp; In scopul asigur\u0103rii activit\u0103\u0163ii operative a Consiliului AO RENAM privind realizarea direc\u0163iilor prioritare de asigurare cu servicii de re\u0163ea, informa\u0163ionale \u015fi acces Internet a institu\u0163iilor din sfera de cercetare, educa\u0163ie \u015fi inovare a crea Biroul Consiliului AO RENAM pe anul 2007 \u00een urm\u0103toarea componen\u0163\u0103: &nbsp; acad. Ion BOSTAN (UTM) \u2013 pre\u015fedintele biroului acad. Andrei ANDRIE\u015e (dir. gener.) \u2013 membrul biroului m. cor. Gheorghe RUSNAC (USM) \u2013 membrul biroului prof. Ion TIGHINEANU (A\u015eM) \u2013 membrul biroului prof. Grigore BELOSTECINIC (ASEM) \u2013 membrul biroului dr. conf. Grigore SECRIERU (dir. exec.) \u2013 membrul biroului Pre\u015fedintele \u015fedin\u0163ei Consiliului A.O. RENAM, Acad. Ion BOSTAN<\/p>\n","protected":false},"author":5,"featured_media":0,"parent":893,"menu_order":0,"comment_status":"closed","ping_status":"closed","template":"about.php","meta":{"_locale":"ru_RU","_original_post":"590","footnotes":""},"class_list":["post-1006","page","type-page","status-publish","hentry","ru-RU"],"_links":{"self":[{"href":"https:\/\/renam.md\/wp-json\/wp\/v2\/pages\/1006","targetHints":{"allow":["GET"]}}],"collection":[{"href":"https:\/\/renam.md\/wp-json\/wp\/v2\/pages"}],"about":[{"href":"https:\/\/renam.md\/wp-json\/wp\/v2\/types\/page"}],"author":[{"embeddable":true,"href":"https:\/\/renam.md\/wp-json\/wp\/v2\/users\/5"}],"replies":[{"embeddable":true,"href":"https:\/\/renam.md\/wp-json\/wp\/v2\/comments?post=1006"}],"version-history":[{"count":1,"href":"https:\/\/renam.md\/wp-json\/wp\/v2\/pages\/1006\/revisions"}],"predecessor-version":[{"id":1008,"href":"https:\/\/renam.md\/wp-json\/wp\/v2\/pages\/1006\/revisions\/1008"}],"up":[{"embeddable":true,"href":"https:\/\/renam.md\/wp-json\/wp\/v2\/pages\/893"}],"wp:attachment":[{"href":"https:\/\/renam.md\/wp-json\/wp\/v2\/media?parent=1006"}],"curies":[{"name":"wp","href":"https:\/\/api.w.org\/{rel}","templated":true}]}}