{"id":1056,"date":"2017-07-10T08:58:40","date_gmt":"2017-07-10T08:58:40","guid":{"rendered":"https:\/\/renam.md\/?page_id=1056"},"modified":"2017-07-10T08:58:40","modified_gmt":"2017-07-10T08:58:40","slug":"regulamentul-consiliului-asociaciei-renam","status":"publish","type":"page","link":"https:\/\/renam.md\/ru\/about\/renam-documents\/regulamentul-consiliului-asociaciei-renam\/","title":{"rendered":"Regulamentul Consiliului Asociaciei RENAM"},"content":{"rendered":"<p><strong>1. Componen\u0163a Consiliului Asocia\u0163iei RENAM <\/strong><br \/>\n1.1. Consiliul Asocia\u0163iei RENAM ( \u00een continuare \u2013 Asocia\u0163ia) este un organ colegial administrativ al Asocia\u0163iei.<br \/>\n1.2. \u00cen componen\u0163a Consiliului Asocia\u0163iei se includ reprezentan\u0163ii conducerii institu\u0163iilor membre a Asocia\u0163iei din sfera cercetare \u015fi educa\u0163ie, fondatorii Asocia\u0163iei, personalit\u0103\u0163i distincte din domeniul tehnologilor informa\u0163ionale \u015fi comunica\u0163iilor,reprezentan\u0163i ai firmelor \u015fi institu\u0163iilor cu care Asocia\u0163ia are rela\u0163ii de parteneriat \u015fi colaborare strategic\u0103 \u00een domeniile sale de activitate, alte persoane \u00een cazuri motivate.<br \/>\n1.3. Excluderea benevol\u0103 a membrului Consiliului Asocia\u0163iei din componen\u0163a Consiliului Asocia\u0163iei se produce la cererea depus\u0103 de acest membru. Excluderea din componen\u0163a Consiliului Asocia\u0163iei poate fi ini\u0163iat\u0103 de c\u0103tre Pre\u015fedintele \u015fi membrii Consiliului Asocia\u0163iei \u00een cazuri motivate ( nerespectarea Statutului Asocia\u0163iei). Adoptarea modific\u0103rii componen\u0163ei Asocia\u0163iei (includere, excludere) se efectueaz\u0103 prin votare deschis\u0103 majoritar\u0103 simpl\u0103 a \u015fedin\u0163ei ordinare sau extraordinare.<br \/>\n1.4. Pre\u015fedintele Consiliului Asocia\u0163iei se alege prin rota\u0163ie pe un termen de un an prin votare deschis\u0103 cu majoritatea simpl\u0103 a voturilor participan\u0163ilor la \u015fedin\u0163a Consiliului Asocia\u0163iei.<br \/>\n<strong>2. Activitatea Consiliului Asocia\u0163iei <\/strong><\/p>\n<p>2.1. Activitatea Consiliului Asocia\u0163iei este organizat\u0103 de c\u0103tre Pre\u015fedintele Consiliului Asocia\u0163iei.<br \/>\n2.2. Din ini\u0163iativa Pre\u015fedintelui Consiliului Asocia\u0163iei poate fi numit-revocat Secretarul Consiliului Asocia\u0163iei, care prelucreaz\u0103 documentele aferente Consiliului Asocia\u0163iei (scrisori, cereri,procese verbale, extrase ect.).<br \/>\n2.3. \u015eedin\u0163ele Consiliului Asocia\u0163iei se convoac\u0103 de c\u0103tre Pre\u015fedintele Consiliului Asocia\u0163iei dup\u0103 necesitate dar nu mai rar de o dat\u0103 pe an, sau la cererea a cel pu\u0163in 1\/3 din membrii Consiliului semnat\u0103 \u015fi prezentat\u0103 Pre\u015fedintelui Consiliului cu 15 zile \u00eenainte de \u015fedin\u0163a preconizat\u0103.<br \/>\n2.4. \u015eedin\u0163ele Consiliului Asocia\u0163iei sunt deliberative \u00een cazul de prezen\u0163\u0103 la \u015fedin\u0163e a nu mai pu\u0163in de jum\u0103tate din num\u0103rul membrilor Consiliului Asocia\u0163iei.<br \/>\n2.5. Deciziile Consiliului Asocia\u0163iei se adopt\u0103 cu o majoritate simpl\u0103 de voturi.<br \/>\n<strong>3. Atribu\u0163iile Consiliului Asocia\u0163iei <\/strong><\/p>\n<p>3.1. Determin\u0103 direc\u0163iile prioritare de activitate tehnoco \u2013 \u015ftiin\u0163ific\u0103 \u015fi organizatoric\u0103 a Asocia\u0163iei.<br \/>\n3.2. Examineaz\u0103 \u015fi aprob\u0103 programul de activitate a Asocia\u0163iei pe termen mediu.<br \/>\n3.3. Aprob\u0103 darea de seam\u0103 anual\u0103, bugetul \u015fi planurile anuale de activitate a Asocia\u0163iei.<br \/>\n3.4. Dezvolt\u0103 rela\u0163iile Asocia\u0163iei cu organele statale privind asigurarea ampl\u0103 a necesit\u0103\u0163ilor informa\u0163ionale \u015fi trafic Internet a institu\u0163iilor din sfera educa\u0163ie, cercetare \u015fi inovare, inclusiv prin asigurarea accesului la resursele informa\u0163ionale interna\u0163ionale \u015fi autohtone \u00een domeniu.<br \/>\n3.5. Contribue la participarea Asocia\u0163iei \u00een programe na\u0163ionale \u015fi interna\u0163ionale.<br \/>\n3.6. Contribue la desf\u0103\u015furarea rela\u0163iilor de parteneriat a Asocia\u0163iei cu firme din domeniul comunica\u0163iilor \u015fi tehnologiilor informa\u0163ionale.<br \/>\n3.7. Examineaz\u0103 \u015fi ea decizii privind cooperarea Asocia\u0163iei cu al\u0163i furnizori de servicii informa\u0163ionale \u015fi Internet.<br \/>\n3.8. Examineaz\u0103 \u015fi ea decizii privind colaborarea \u015fi asocierea Asocia\u0163iei cu alte re\u0163ele similare din \u0163ar\u0103 \u015fi str\u0103in\u0103tate.<br \/>\n3.9. Alege directorul general al Asocia\u0163iei, care efectuez\u0103 conducerea operativ\u0103 a Asocia\u0163iei.<br \/>\n3.10. Confirm\u0103 structura Consiliului managerial condus de directorul general al Asocia\u0163iei.<br \/>\n3.11. Consiliului managerial examineaz\u0103 problemele operative de func\u0163ionare \u015fi dezvoltare a re\u0163elei \u015fi serviciilor informa\u015fionale, aprob\u0103 candidatura directorului executiv, cerceteaz\u0103 alte probleme tehnico \u2013 \u015ftiin\u0163ifice \u015fi organizatorice legate de activitatea Asocia\u0163iei, elaboreaz\u0103 recomand\u0103ri de solu\u0163ionare a problemelor \u015fi efectueaz\u0103 controlul realiz\u0103rii lor \u015fi activit\u0103\u0163ii Direc\u0163iei Executive.<\/p>\n","protected":false},"excerpt":{"rendered":"<p>1. Componen\u0163a Consiliului Asocia\u0163iei RENAM 1.1. Consiliul Asocia\u0163iei RENAM ( \u00een continuare \u2013 Asocia\u0163ia) este un organ colegial administrativ al Asocia\u0163iei. 1.2. \u00cen componen\u0163a Consiliului Asocia\u0163iei se includ reprezentan\u0163ii conducerii institu\u0163iilor membre a Asocia\u0163iei din sfera cercetare \u015fi educa\u0163ie, fondatorii Asocia\u0163iei, personalit\u0103\u0163i distincte din domeniul tehnologilor informa\u0163ionale \u015fi comunica\u0163iilor,reprezentan\u0163i ai firmelor \u015fi institu\u0163iilor cu care Asocia\u0163ia are rela\u0163ii de parteneriat \u015fi colaborare strategic\u0103 \u00een domeniile sale de activitate, alte persoane \u00een cazuri motivate. 1.3. Excluderea benevol\u0103 a membrului Consiliului Asocia\u0163iei din componen\u0163a Consiliului Asocia\u0163iei se produce la cererea depus\u0103 de acest membru. Excluderea din componen\u0163a Consiliului Asocia\u0163iei poate fi ini\u0163iat\u0103 de c\u0103tre Pre\u015fedintele \u015fi membrii Consiliului Asocia\u0163iei \u00een cazuri motivate ( nerespectarea Statutului Asocia\u0163iei). Adoptarea modific\u0103rii componen\u0163ei Asocia\u0163iei (includere, excludere) se efectueaz\u0103 prin votare deschis\u0103 majoritar\u0103 simpl\u0103 a \u015fedin\u0163ei ordinare sau extraordinare. 1.4. Pre\u015fedintele Consiliului Asocia\u0163iei se alege prin rota\u0163ie pe un termen de un an prin votare deschis\u0103 cu majoritatea simpl\u0103 a voturilor participan\u0163ilor la \u015fedin\u0163a Consiliului Asocia\u0163iei. 2. Activitatea Consiliului Asocia\u0163iei 2.1. Activitatea Consiliului Asocia\u0163iei este organizat\u0103 de c\u0103tre Pre\u015fedintele Consiliului Asocia\u0163iei. 2.2. Din ini\u0163iativa Pre\u015fedintelui Consiliului Asocia\u0163iei poate fi numit-revocat Secretarul Consiliului Asocia\u0163iei, care prelucreaz\u0103 documentele aferente Consiliului Asocia\u0163iei (scrisori, cereri,procese verbale, extrase ect.). 2.3. \u015eedin\u0163ele Consiliului Asocia\u0163iei se convoac\u0103 de c\u0103tre Pre\u015fedintele Consiliului Asocia\u0163iei dup\u0103 necesitate dar nu mai rar de o dat\u0103 pe an, sau la cererea a cel pu\u0163in 1\/3 din membrii Consiliului semnat\u0103 \u015fi prezentat\u0103 Pre\u015fedintelui Consiliului cu 15 zile \u00eenainte de \u015fedin\u0163a preconizat\u0103. 2.4. \u015eedin\u0163ele Consiliului Asocia\u0163iei sunt deliberative \u00een cazul de prezen\u0163\u0103 la \u015fedin\u0163e a nu mai pu\u0163in de jum\u0103tate din num\u0103rul membrilor Consiliului Asocia\u0163iei. 2.5. Deciziile Consiliului Asocia\u0163iei se adopt\u0103 cu o majoritate simpl\u0103 de voturi. 3. Atribu\u0163iile Consiliului Asocia\u0163iei 3.1. Determin\u0103 direc\u0163iile prioritare de activitate tehnoco \u2013 \u015ftiin\u0163ific\u0103 \u015fi organizatoric\u0103 a Asocia\u0163iei. 3.2. Examineaz\u0103 \u015fi aprob\u0103 programul de activitate a Asocia\u0163iei pe termen mediu. 3.3. Aprob\u0103 darea de seam\u0103 anual\u0103, bugetul \u015fi planurile anuale de activitate a Asocia\u0163iei. 3.4. Dezvolt\u0103 rela\u0163iile Asocia\u0163iei cu organele statale privind asigurarea ampl\u0103 a necesit\u0103\u0163ilor informa\u0163ionale \u015fi trafic Internet a institu\u0163iilor din sfera educa\u0163ie, cercetare \u015fi inovare, inclusiv prin asigurarea accesului la resursele informa\u0163ionale interna\u0163ionale \u015fi autohtone \u00een domeniu. 3.5. Contribue la participarea Asocia\u0163iei \u00een programe na\u0163ionale \u015fi interna\u0163ionale. 3.6. Contribue la desf\u0103\u015furarea rela\u0163iilor de parteneriat a Asocia\u0163iei cu firme din domeniul comunica\u0163iilor \u015fi tehnologiilor informa\u0163ionale. 3.7. Examineaz\u0103 \u015fi ea decizii privind cooperarea Asocia\u0163iei cu al\u0163i furnizori de servicii informa\u0163ionale \u015fi Internet. 3.8. Examineaz\u0103 \u015fi ea decizii privind colaborarea \u015fi asocierea Asocia\u0163iei cu alte re\u0163ele similare din \u0163ar\u0103 \u015fi str\u0103in\u0103tate. 3.9. Alege directorul general al Asocia\u0163iei, care efectuez\u0103 conducerea operativ\u0103 a Asocia\u0163iei. 3.10. Confirm\u0103 structura Consiliului managerial condus de directorul general al Asocia\u0163iei. 3.11. Consiliului managerial examineaz\u0103 problemele operative de func\u0163ionare \u015fi dezvoltare a re\u0163elei \u015fi serviciilor informa\u015fionale, aprob\u0103 candidatura directorului executiv, cerceteaz\u0103 alte probleme tehnico \u2013 \u015ftiin\u0163ifice \u015fi organizatorice legate de activitatea Asocia\u0163iei, elaboreaz\u0103 recomand\u0103ri de solu\u0163ionare a problemelor \u015fi efectueaz\u0103 controlul realiz\u0103rii lor \u015fi activit\u0103\u0163ii Direc\u0163iei Executive.<\/p>\n","protected":false},"author":5,"featured_media":0,"parent":893,"menu_order":0,"comment_status":"closed","ping_status":"closed","template":"about.php","meta":{"_locale":"ru_RU","_original_post":"604","footnotes":""},"class_list":["post-1056","page","type-page","status-publish","hentry","ru-RU"],"_links":{"self":[{"href":"https:\/\/renam.md\/wp-json\/wp\/v2\/pages\/1056","targetHints":{"allow":["GET"]}}],"collection":[{"href":"https:\/\/renam.md\/wp-json\/wp\/v2\/pages"}],"about":[{"href":"https:\/\/renam.md\/wp-json\/wp\/v2\/types\/page"}],"author":[{"embeddable":true,"href":"https:\/\/renam.md\/wp-json\/wp\/v2\/users\/5"}],"replies":[{"embeddable":true,"href":"https:\/\/renam.md\/wp-json\/wp\/v2\/comments?post=1056"}],"version-history":[{"count":1,"href":"https:\/\/renam.md\/wp-json\/wp\/v2\/pages\/1056\/revisions"}],"predecessor-version":[{"id":1057,"href":"https:\/\/renam.md\/wp-json\/wp\/v2\/pages\/1056\/revisions\/1057"}],"up":[{"embeddable":true,"href":"https:\/\/renam.md\/wp-json\/wp\/v2\/pages\/893"}],"wp:attachment":[{"href":"https:\/\/renam.md\/wp-json\/wp\/v2\/media?parent=1056"}],"curies":[{"name":"wp","href":"https:\/\/api.w.org\/{rel}","templated":true}]}}