{"id":1066,"date":"2017-07-10T09:00:26","date_gmt":"2017-07-10T09:00:26","guid":{"rendered":"https:\/\/renam.md\/?page_id=1066"},"modified":"2017-07-10T09:00:26","modified_gmt":"2017-07-10T09:00:26","slug":"sedinta-consiliului-a-o-renam-2003","status":"publish","type":"page","link":"https:\/\/renam.md\/ru\/about\/renam-documents\/sedinta-consiliului-a-o-renam-2003\/","title":{"rendered":"Sedinta Consiliului A.O. RENAM &#8212; 2003"},"content":{"rendered":"<table class=\"contentpaneopen\">\n<tbody>\n<tr>\n<td colspan=\"2\" valign=\"top\">\n<h3 align=\"center\"><b>HOT\u0102R\u00ceRE nr. 1-02<\/b><\/h3>\n<p>&nbsp;<\/p>\n<table border=\"0\" width=\"100%\">\n<tbody>\n<tr>\n<td>mun. Chi\u015fin\u0103u<\/td>\n<td align=\"right\">\u00a019.02.2004<\/td>\n<\/tr>\n<\/tbody>\n<\/table>\n<p>&nbsp;<\/p>\n<p>Examin\u00e2nd raportul direc\u0163iei executive cu privire la rezultatele ob\u0163inute \u00een anul 2003 \u015fi planul de activitate pe anul 2004, privind asigurarea dezvolt\u0103rii serviciilor de transport date \u015fi acces Internet pentru institu\u0163iile \u015fi organiza\u0163iile din sfera \u015ftiin\u0163ofico-educativ\u0103 Consiliul A.O. RENAM HOT\u0102R\u0102\u015eTE:<\/p>\n<ul>\n<li>A aproba raportul privind activitatea direc\u0163iei executive A.O. RENAM \u00een anul 2003.<\/li>\n<li>A aproba planul de activitate \u015fi devizul de cheltuieli al A.O. RENAM pentru anul 2004, determin\u00e2nd ca obiective principale:\n<ol>\n<li class=\"circle\"><span class=\"circle\">extinderea infrastructurii re\u0163elei RENAM prin conectarea la re\u0163ea a noi institu\u0163ii \u015fi organiza\u0163ii de cercetare, \u00eenv\u0103\u0163\u0103m\u00eent \u015fi medicin\u0103 cu asigurarea func\u0163ion\u0103rii ei \u00een regim de 24 ore din 24 ore;<\/span><\/li>\n<li class=\"circle\">majorarea capacit\u0103\u0163ii canalelor externe \u015fi locale de trafic Internet \u00een baza utiliz\u0103rii antenei satelit USM \u015fi crearea \u00een colaborare cu alte organiza\u0163ii a magistralelor de fibr\u0103 optic\u0103;<\/li>\n<li class=\"circle\">promovarea tehnologiilor moderne Intranet\/Internet \u015fi dezvoltarea accesului la resursele informa\u0163ionale interna\u0163ionale (biblioteci electronice, WWW, baze de date, etc.);<\/li>\n<\/ol>\n<\/li>\n<li>\u00cen leg\u0103tur\u0103 cu organizarea Workshop NATO-CEENet-Moldova \u00een anul 2004 a considera oportun de a urgenta crearea oficiului A.O. RENAM.<\/li>\n<\/ul>\n<p>4. A include \u00een componen\u0163a Consiliului AO RENAM acad. Duca Gh., acad Ababii I., acad. Can\u0163er V., prof. Gaindric C.<\/p>\n<table border=\"0\" width=\"100%\" cellspacing=\"0\" cellpadding=\"0\">\n<tbody>\n<tr>\n<td valign=\"top\" width=\"33%\">____________________<br \/>\nacad<b>. A. Andrie\u015f<\/b>,<br \/>\nco-pre\u015fedinte A.O. RENAM,<br \/>\npre\u015fedinte de onoare al A.\u015e.M.<\/td>\n<td valign=\"top\"><\/td>\n<td valign=\"top\" width=\"33%\">____________________<br \/>\nacad. <b>I. Bostan<\/b>,<br \/>\nco-pre\u015fedinte A.O. RENAM,<br \/>\nrectorul UTM<\/td>\n<\/tr>\n<tr>\n<td valign=\"top\">____________________<br \/>\nacad. <b>Gh.Duca<\/b>,<br \/>\npre\u015fedintele A.\u015e.M.<\/td>\n<td valign=\"top\">___________________<br \/>\nm.cor. <b>Gh. Rusnac<\/b>,<br \/>\nrectorul USM<\/td>\n<td valign=\"top\">__________________<br \/>\nprof. <b>G. Belostecinic<\/b>,<br \/>\nrectorul ASEM<\/td>\n<\/tr>\n<\/tbody>\n<\/table>\n<\/td>\n<\/tr>\n<\/tbody>\n<\/table>\n<p><span class=\"article_seperator\">\u00a0<\/span><\/p>\n","protected":false},"excerpt":{"rendered":"<p>HOT\u0102R\u00ceRE nr. 1-02 &nbsp; mun. Chi\u015fin\u0103u \u00a019.02.2004 &nbsp; Examin\u00e2nd raportul direc\u0163iei executive cu privire la rezultatele ob\u0163inute \u00een anul 2003 \u015fi planul de activitate pe anul 2004, privind asigurarea dezvolt\u0103rii serviciilor de transport date \u015fi acces Internet pentru institu\u0163iile \u015fi organiza\u0163iile din sfera \u015ftiin\u0163ofico-educativ\u0103 Consiliul A.O. RENAM HOT\u0102R\u0102\u015eTE: A aproba raportul privind activitatea direc\u0163iei executive A.O. RENAM \u00een anul 2003. A aproba planul de activitate \u015fi devizul de cheltuieli al A.O. RENAM pentru anul 2004, determin\u00e2nd ca obiective principale: extinderea infrastructurii re\u0163elei RENAM prin conectarea la re\u0163ea a noi institu\u0163ii \u015fi organiza\u0163ii de cercetare, \u00eenv\u0103\u0163\u0103m\u00eent \u015fi medicin\u0103 cu asigurarea func\u0163ion\u0103rii ei \u00een regim de 24 ore din 24 ore; majorarea capacit\u0103\u0163ii canalelor externe \u015fi locale de trafic Internet \u00een baza utiliz\u0103rii antenei satelit USM \u015fi crearea \u00een colaborare cu alte organiza\u0163ii a magistralelor de fibr\u0103 optic\u0103; promovarea tehnologiilor moderne Intranet\/Internet \u015fi dezvoltarea accesului la resursele informa\u0163ionale interna\u0163ionale (biblioteci electronice, WWW, baze de date, etc.); \u00cen leg\u0103tur\u0103 cu organizarea Workshop NATO-CEENet-Moldova \u00een anul 2004 a considera oportun de a urgenta crearea oficiului A.O. RENAM. 4. A include \u00een componen\u0163a Consiliului AO RENAM acad. Duca Gh., acad Ababii I., acad. Can\u0163er V., prof. Gaindric C. ____________________ acad. A. Andrie\u015f, co-pre\u015fedinte A.O. RENAM, pre\u015fedinte de onoare al A.\u015e.M. ____________________ acad. I. Bostan, co-pre\u015fedinte A.O. RENAM, rectorul UTM ____________________ acad. Gh.Duca, pre\u015fedintele A.\u015e.M. ___________________ m.cor. Gh. Rusnac, rectorul USM __________________ prof. G. Belostecinic, rectorul ASEM \u00a0<\/p>\n","protected":false},"author":5,"featured_media":0,"parent":893,"menu_order":0,"comment_status":"closed","ping_status":"closed","template":"about.php","meta":{"_locale":"ru_RU","_original_post":"632","footnotes":""},"class_list":["post-1066","page","type-page","status-publish","hentry","ru-RU"],"_links":{"self":[{"href":"https:\/\/renam.md\/wp-json\/wp\/v2\/pages\/1066","targetHints":{"allow":["GET"]}}],"collection":[{"href":"https:\/\/renam.md\/wp-json\/wp\/v2\/pages"}],"about":[{"href":"https:\/\/renam.md\/wp-json\/wp\/v2\/types\/page"}],"author":[{"embeddable":true,"href":"https:\/\/renam.md\/wp-json\/wp\/v2\/users\/5"}],"replies":[{"embeddable":true,"href":"https:\/\/renam.md\/wp-json\/wp\/v2\/comments?post=1066"}],"version-history":[{"count":1,"href":"https:\/\/renam.md\/wp-json\/wp\/v2\/pages\/1066\/revisions"}],"predecessor-version":[{"id":1067,"href":"https:\/\/renam.md\/wp-json\/wp\/v2\/pages\/1066\/revisions\/1067"}],"up":[{"embeddable":true,"href":"https:\/\/renam.md\/wp-json\/wp\/v2\/pages\/893"}],"wp:attachment":[{"href":"https:\/\/renam.md\/wp-json\/wp\/v2\/media?parent=1066"}],"curies":[{"name":"wp","href":"https:\/\/api.w.org\/{rel}","templated":true}]}}