{"id":1074,"date":"2017-07-10T09:00:54","date_gmt":"2017-07-10T09:00:54","guid":{"rendered":"https:\/\/renam.md\/?page_id=1074"},"modified":"2017-07-10T09:00:54","modified_gmt":"2017-07-10T09:00:54","slug":"sedinta-consiliului-a-o-renam-2005","status":"publish","type":"page","link":"https:\/\/renam.md\/ru\/about\/renam-documents\/sedinta-consiliului-a-o-renam-2005\/","title":{"rendered":"Sedinta Consiliului A.O. RENAM &#8212; 2005"},"content":{"rendered":"<h3 align=\"center\">HOT\u0102R\u00ceRE nr. 06-01<\/h3>\n<p>&nbsp;<\/p>\n<table border=\"0\" width=\"100%\">\n<tbody>\n<tr>\n<td>mun. Chi\u015fin\u0103u<\/td>\n<td align=\"right\">din 23.01.2006<\/td>\n<\/tr>\n<\/tbody>\n<\/table>\n<p>&nbsp;<\/p>\n<div align=\"justify\">\n<p>Con\u0219tientiz\u00e2nd importan\u0163a promov\u0103rii cooper\u0103rii institu\u0163iilor de cercetare \u015fi educa\u0163ie din Moldova cu scopul de consolidare \u015fi coordonare a eforturilor de asigurare cu servicii Internet \u00een contextul evolu\u0163iei spre societatea informa\u0163ional\u0103 \u015fi examin\u00e2nd realiz\u0103rile \u015fi perspectivele de dezbatere a re\u0163elei comunit\u0103\u0163ii \u015ftiin\u0163ifico\u2013educa\u0163ionale RENAM Consiliul A.O. RENAM <b>HOT\u0102R\u0102\u015eTE:<\/b><\/p>\n<ul>\n<li style=\"list-style-type: none;\">\n<ul>\n<li>A aproba:\n<ol>\n<li class=\"circle\">Programul de dezvoltare p\u00e2n\u0103 \u00een anul 2007 a infrastructurii re\u0163elei RENAM \u015fi a serviciilor Internet pentru satisfacerea necesit\u0103\u0163ilor informa\u0163ionale \u015fi de comunica\u0163ii \u00eenaintate de institu\u0163iile de cercetare \u015fi educa\u0163ie din Moldova (Anexa 1);<\/li>\n<li class=\"circle\">Regulamentul privind activitatea organizatoric\u0103 \u015fi tehnico \u2013 \u015ftiin\u0163ific\u0103 a Consiliului A.O. RENAM (Anexa 2).<\/li>\n<\/ol>\n<\/li>\n<\/ul>\n<\/li>\n<\/ul>\n<ul>\n<li style=\"list-style-type: none;\">\n<ul>\n<li>A aproba raportul cu privire la activitatea tehnico-\u015ftiin\u0163ific\u0103 \u015fi economic\u0103 a direc\u0163iei executive \u00een anul 2005 \u015fi bugetul A.O. RENAM pe anul 2006.<\/li>\n<\/ul>\n<\/li>\n<\/ul>\n<ul>\n<li style=\"list-style-type: none;\">\n<ul>\n<li>A determina \u00een corelare cu Programul de dezvoltare ca obiective prioritare ale activit\u0103\u0163ii direc\u0163iei executive A.O. RENAM majorarea capacit\u0103\u0163ii canalelor externe \u015fi interne de trafic Internet, minimizarea costului \u015fi cre\u015fterea nivelului calit\u0103\u0163ii serviciilor prestate, ameliorarea activit\u0103\u0163ii comisiei de revizie a asocia\u0163iei \u015fi extinderea ariei re\u0163elei RENAM.<\/li>\n<\/ul>\n<\/li>\n<\/ul>\n<ul>\n<li style=\"list-style-type: none;\">\n<ul>\n<li>A considera oportun adresarea conducerii Consiliului A.O. RENAM \u00een organele de Stat cu \u0163elul ob\u0163inerii scutirii de TVA a contractelor Asocia\u0163iei cu institu\u0163iile din sfera \u015ftiin\u0163ifico\u2013educa\u0163ional\u0103 \u015fi cele de import a traficului Internet; la ANRTI \u00een scopul ob\u0163inerii condi\u0163iilor preferen\u0163iale \u00een utilizarea resurselor tehnice Moldtelecom SA (fluxuri transfer date, linii fizice prin fibr\u0103 optic\u0103, radioreleu,linii telefonice, traseele de comunica\u0163ii etc.).<\/li>\n<\/ul>\n<\/li>\n<\/ul>\n<ul>\n<li style=\"list-style-type: none;\">\n<ul>\n<li>A obliga direc\u0163ia executiv\u0103 (<b>dr. G. Secrieru<\/b>) ca \u00eencep\u00e2nd cu anul 2006 s\u0103 organizeze seminare\/conferin\u0163e cu utilizatorii re\u0163elei RENAM pentru examinarea cointeresat\u0103 a problemelor de interac\u0163iune a re\u0163elelor locale cu infrastructura re\u0163elei RENAM \u015fi determinarea c\u0103ilor de solu\u0163ionare.<\/li>\n<\/ul>\n<\/li>\n<\/ul>\n<ul>\n<li style=\"list-style-type: none;\">\n<ul>\n<li>\u00cen scopul perfec\u0163ion\u0103rii activit\u0103\u0163ii asocia\u0163iei, exploat\u0103rii \u015fi dezvolt\u0103rii re\u0163elei RENAM a considera necesar angajarea colaboratorilor de baz\u0103 (manageri principali, speciali\u015fti tehnici) pe norma \u00eentreag\u0103 cu salarizare la nivelul respectiv.<\/li>\n<\/ul>\n<\/li>\n<\/ul>\n<ul>\n<li style=\"list-style-type: none;\">\n<ul>\n<li>Conform Regulamentul privind activitatea Consiliului AO RENAN \u015fi procedurii de rota\u0163ie aprobate la \u015fedin\u0163a Consiliului AO RENAM nr. 01-12 din 16.12.2004, a numi Rectorul Universit\u0103\u0163ii de Stat, m. cor., <b>prof. Gheorghe RUSNAC<\/b> pre\u015fedinte al Consiliului Asocia\u0163iei RENAM pe anul 2006.<\/li>\n<\/ul>\n<\/li>\n<\/ul>\n<p align=\"left\">Pre\u015fedintele \u015fedin\u0163ei Consiliului A.O. RENAM,<br \/>\n_____________________________________<br \/>\nacad. <b>Gheorghe DUCA<\/b>, Pre\u015fedintele<br \/>\nAcademiei de \u015etiin\u0163e a Moldovei<\/p>\n<\/div>\n","protected":false},"excerpt":{"rendered":"<p>HOT\u0102R\u00ceRE nr. 06-01 &nbsp; mun. Chi\u015fin\u0103u din 23.01.2006 &nbsp; Con\u0219tientiz\u00e2nd importan\u0163a promov\u0103rii cooper\u0103rii institu\u0163iilor de cercetare \u015fi educa\u0163ie din Moldova cu scopul de consolidare \u015fi coordonare a eforturilor de asigurare cu servicii Internet \u00een contextul evolu\u0163iei spre societatea informa\u0163ional\u0103 \u015fi examin\u00e2nd realiz\u0103rile \u015fi perspectivele de dezbatere a re\u0163elei comunit\u0103\u0163ii \u015ftiin\u0163ifico\u2013educa\u0163ionale RENAM Consiliul A.O. RENAM HOT\u0102R\u0102\u015eTE: A aproba: Programul de dezvoltare p\u00e2n\u0103 \u00een anul 2007 a infrastructurii re\u0163elei RENAM \u015fi a serviciilor Internet pentru satisfacerea necesit\u0103\u0163ilor informa\u0163ionale \u015fi de comunica\u0163ii \u00eenaintate de institu\u0163iile de cercetare \u015fi educa\u0163ie din Moldova (Anexa 1); Regulamentul privind activitatea organizatoric\u0103 \u015fi tehnico \u2013 \u015ftiin\u0163ific\u0103 a Consiliului A.O. RENAM (Anexa 2). A aproba raportul cu privire la activitatea tehnico-\u015ftiin\u0163ific\u0103 \u015fi economic\u0103 a direc\u0163iei executive \u00een anul 2005 \u015fi bugetul A.O. RENAM pe anul 2006. A determina \u00een corelare cu Programul de dezvoltare ca obiective prioritare ale activit\u0103\u0163ii direc\u0163iei executive A.O. RENAM majorarea capacit\u0103\u0163ii canalelor externe \u015fi interne de trafic Internet, minimizarea costului \u015fi cre\u015fterea nivelului calit\u0103\u0163ii serviciilor prestate, ameliorarea activit\u0103\u0163ii comisiei de revizie a asocia\u0163iei \u015fi extinderea ariei re\u0163elei RENAM. A considera oportun adresarea conducerii Consiliului A.O. RENAM \u00een organele de Stat cu \u0163elul ob\u0163inerii scutirii de TVA a contractelor Asocia\u0163iei cu institu\u0163iile din sfera \u015ftiin\u0163ifico\u2013educa\u0163ional\u0103 \u015fi cele de import a traficului Internet; la ANRTI \u00een scopul ob\u0163inerii condi\u0163iilor preferen\u0163iale \u00een utilizarea resurselor tehnice Moldtelecom SA (fluxuri transfer date, linii fizice prin fibr\u0103 optic\u0103, radioreleu,linii telefonice, traseele de comunica\u0163ii etc.). A obliga direc\u0163ia executiv\u0103 (dr. G. Secrieru) ca \u00eencep\u00e2nd cu anul 2006 s\u0103 organizeze seminare\/conferin\u0163e cu utilizatorii re\u0163elei RENAM pentru examinarea cointeresat\u0103 a problemelor de interac\u0163iune a re\u0163elelor locale cu infrastructura re\u0163elei RENAM \u015fi determinarea c\u0103ilor de solu\u0163ionare. \u00cen scopul perfec\u0163ion\u0103rii activit\u0103\u0163ii asocia\u0163iei, exploat\u0103rii \u015fi dezvolt\u0103rii re\u0163elei RENAM a considera necesar angajarea colaboratorilor de baz\u0103 (manageri principali, speciali\u015fti tehnici) pe norma \u00eentreag\u0103 cu salarizare la nivelul respectiv. Conform Regulamentul privind activitatea Consiliului AO RENAN \u015fi procedurii de rota\u0163ie aprobate la \u015fedin\u0163a Consiliului AO RENAM nr. 01-12 din 16.12.2004, a numi Rectorul Universit\u0103\u0163ii de Stat, m. cor., prof. Gheorghe RUSNAC pre\u015fedinte al Consiliului Asocia\u0163iei RENAM pe anul 2006. Pre\u015fedintele \u015fedin\u0163ei Consiliului A.O. RENAM, _____________________________________ acad. Gheorghe DUCA, Pre\u015fedintele Academiei de \u015etiin\u0163e a Moldovei<\/p>\n","protected":false},"author":5,"featured_media":0,"parent":893,"menu_order":0,"comment_status":"closed","ping_status":"closed","template":"about.php","meta":{"_locale":"ru_RU","_original_post":"624","footnotes":""},"class_list":["post-1074","page","type-page","status-publish","hentry","ru-RU"],"_links":{"self":[{"href":"https:\/\/renam.md\/wp-json\/wp\/v2\/pages\/1074","targetHints":{"allow":["GET"]}}],"collection":[{"href":"https:\/\/renam.md\/wp-json\/wp\/v2\/pages"}],"about":[{"href":"https:\/\/renam.md\/wp-json\/wp\/v2\/types\/page"}],"author":[{"embeddable":true,"href":"https:\/\/renam.md\/wp-json\/wp\/v2\/users\/5"}],"replies":[{"embeddable":true,"href":"https:\/\/renam.md\/wp-json\/wp\/v2\/comments?post=1074"}],"version-history":[{"count":1,"href":"https:\/\/renam.md\/wp-json\/wp\/v2\/pages\/1074\/revisions"}],"predecessor-version":[{"id":1075,"href":"https:\/\/renam.md\/wp-json\/wp\/v2\/pages\/1074\/revisions\/1075"}],"up":[{"embeddable":true,"href":"https:\/\/renam.md\/wp-json\/wp\/v2\/pages\/893"}],"wp:attachment":[{"href":"https:\/\/renam.md\/wp-json\/wp\/v2\/media?parent=1074"}],"curies":[{"name":"wp","href":"https:\/\/api.w.org\/{rel}","templated":true}]}}