{"id":1078,"date":"2017-07-10T09:01:31","date_gmt":"2017-07-10T09:01:31","guid":{"rendered":"https:\/\/renam.md\/?page_id=1078"},"modified":"2017-07-10T09:01:31","modified_gmt":"2017-07-10T09:01:31","slug":"sedinta-consiliului-a-o-renam-2006","status":"publish","type":"page","link":"https:\/\/renam.md\/ru\/about\/renam-documents\/sedinta-consiliului-a-o-renam-2006\/","title":{"rendered":"Sedinta Consiliului A.O. RENAM &#8212; 2006"},"content":{"rendered":"<h3 align=\"center\">HOT\u0102R\u00ceRE nr. 07-01<\/h3>\n<p>&nbsp;<\/p>\n<table border=\"0\" width=\"100%\">\n<tbody>\n<tr>\n<td>mun. Chi\u015fin\u0103u<\/td>\n<td align=\"right\">din 31.01.2007<\/td>\n<\/tr>\n<\/tbody>\n<\/table>\n<p>&nbsp;<\/p>\n<div align=\"justify\">\n<p>In contextul strategiei na\u0163ionale de edificare a societ\u0103\u0163ii informa\u0163ionale \u015fi realiz\u0103rii tendin\u0163elor de integrare european\u0103re\u0163eaua RENAM, recunoscut\u0103 de consor\u0163iul GEANT ca re\u0163eaua na\u0163ional\u0103 a Moldovei cu dreptul exclusiv de acces la re\u0163eaua academic\u0103 transeuropean\u0103 GEANT, contribuie semnificativ la amplificarea eforturilor de cooperare \u00een domeniul dezvolt\u0103rii serviciilor de transport date \u015fi acces Internet pentru satisfacerea necesit\u0103\u0163ilor comunica\u0163ionale \u015fi informa\u0163ionale ale institu\u0163iilor din domeniul \u015ftiin\u0163ei, educa\u0163iei \u015fi medicinii. Examin\u00e2nd realiz\u0103rile \u015fi perspectivele de dezvoltare a re\u0163elei RENAM, prezentate \u00een rapoartele acad. <b>A. Andrie\u015f, dr. G. Secrieru, dlui I. Covalenco, dr. V. Sidorenco<\/b>, Consiliul RENAM <b>HOT\u0102R\u0102\u015eTE<\/b>:<\/p>\n<ul>\n<li style=\"list-style-type: none;\">\n<ul>\n<li>A aproba:\n<ol>\n<li class=\"circle\">Planul de ac\u0163iuni pe anul 2007 privind dezvoltarea infrastructurii re\u0163elei RENAM \u015fi de prestare a serviciilor informa\u0163ionale. (Anexa 1);<\/li>\n<li class=\"circle\">Regulamentul privind politica utiliz\u0103rii re\u0163elei RENAM (Anexa 2).<\/li>\n<\/ol>\n<\/li>\n<\/ul>\n<\/li>\n<\/ul>\n<ul>\n<li style=\"list-style-type: none;\">\n<ul>\n<li>A accepta:\n<ol>\n<li class=\"circle\">raportul cu privire la activitatea tehnico-organizatoric\u0103 \u015fi economic\u0103 a direc\u0163iei executive \u00een anul 2006;<\/li>\n<li class=\"circle\">bugetul re\u0163elei comunit\u0103\u0163ii \u015ftiin\u0163ifico-educative RENAM pe anul 2007<\/li>\n<li class=\"circle\">raportul Comisiei de revizie cu privire la activitatea direc\u0163iei executive \u00een anul 2006.<\/li>\n<\/ol>\n<\/li>\n<\/ul>\n<\/li>\n<\/ul>\n<ul>\n<li style=\"list-style-type: none;\">\n<ul>\n<li>A defini, \u00een corelare cu Planul de ac\u0163iuni pe anul 2007, ca obiective prioritare ale activit\u0103\u0163ii tehnico-organizatorice \u015fi economice a direc\u0163iei executive majorarea capacit\u0103\u0163ii canalului extern RENAM &#8212; RoEduNet &#8212; GEANT p\u00e2n\u0103 la 155 Mbps \u015fi cre\u015fterea nivelului calit\u0103\u0163ii serviciilor prestate pentru satisfacerea necesit\u0103\u0163ilor de transport date \u015fi acces Internet ale institu\u0163iilor din domeniul \u015ftiin\u0163ei, educa\u0163iei \u015fi medicinii, extinderea ariei re\u0163elei RENAM \u015fi organizarea \u00een trimestrul II al anului 2007 a conferin\u0163ei cu utilizatorii re\u0163elei RENAM.<\/li>\n<\/ul>\n<\/li>\n<\/ul>\n<ul>\n<li style=\"list-style-type: none;\">\n<ul>\n<li>A considera oportun intensificarea cooper\u0103rii cu Ministerul Educa\u0163iei \u015fi Tineretului \u00een domeniul dezvolt\u0103rii \u015fi utiliz\u0103rii re\u0163elei RENAM, precum \u015fi promovarea activit\u0103\u0163ii RENAM la nivelul organelor de Stat \u015fi \u00een organismele interna\u0163ionale.<\/li>\n<\/ul>\n<\/li>\n<\/ul>\n<ul>\n<li style=\"list-style-type: none;\">\n<ul>\n<li>A recomanda direc\u0163iei executive s\u0103 organizeze conlucrarea cu USM (Laboratorul Microsoft ) viz\u00e2nd distribuirea softului licen\u0163iat Microsoft pentru comunitatea utilizatorilor RENAM (persoane fizice \u015fi institu\u0163ii din domeniul \u015ftiin\u0163ei, educa\u0163iei \u015fi medicinii).<\/li>\n<\/ul>\n<\/li>\n<\/ul>\n<ul>\n<li style=\"list-style-type: none;\">\n<ul>\n<li>A accepta activitatea direc\u0163iei executive privind promovarea particip\u0103rii RENAM la elaborarea \u015fi realizarea proiectelor interna\u0163ionale, regionale \u015fi na\u0163ionale \u00een domeniul dezvolt\u0103rii infrastructurii re\u0163elei, tehnologiilor informa\u0163ionale si implement\u0103rii serviciilor noi.<\/li>\n<\/ul>\n<\/li>\n<\/ul>\n<ul>\n<li style=\"list-style-type: none;\">\n<ul>\n<li>\u00cen scopul elabor\u0103rii strategiei de dezvoltare \u015fi avansare a nivelului serviciilor prestate direc\u0163ia executiv\u0103 va efectua studiul pe\u0163ii actuale de servicii transport date \u015fi acces Internet.<\/li>\n<\/ul>\n<\/li>\n<\/ul>\n<ul>\n<li style=\"list-style-type: none;\">\n<ul>\n<li>\u00cen scopul perfec\u0163ion\u0103rii activit\u0103\u0163ii de exploatare \u015fi administrare a re\u0163elei RENAM cu magistrale \u015fi nodurile principale ale re\u0163elelor corporative institu\u0163ionale, \u00een trimestrul I al anului curent direc\u0163ia executiv\u0103 va elabora \u015fi prezenta spre aprobare Biroului Consiliului conceptul de activitate \u015fi modul de finan\u0163are a unui grup comun de ingineri califica\u0163i, orientat s\u0103 asigure func\u0163ionarea re\u0163elelor \u015fi prestarea serviciilor la un nivel avansat calitativ.<\/li>\n<\/ul>\n<\/li>\n<\/ul>\n<ul>\n<li>Conform Regulamentul privind activitatea Consiliului AO RENAN \u015fi procedurii de rota\u0163ie aprobate la \u015fedin\u0163a Consiliului AO RENAM nr. 01-12 din 16.12.2004, a numi academicianul <b>Ion Bostan<\/b>, Rectorul UTM, \u00een calitate de pre\u015fedinte al Consiliului Asocia\u0163iei RENAM pe anul 2007.<\/li>\n<\/ul>\n<p align=\"left\">Pre\u015fedintele \u015fedin\u0163ei Consiliului A.O. RENAM,<br \/>\n_____________________________________<br \/>\nM. cor, prof. <b>Gheorghe RUSNAC,<\/b><br \/>\nRectorul USM, Pre\u015fedintele Consiliului<br \/>\nRectorilor universit\u0103\u0163ilor din Moldova.<\/p>\n<\/div>\n","protected":false},"excerpt":{"rendered":"<p>HOT\u0102R\u00ceRE nr. 07-01 &nbsp; mun. Chi\u015fin\u0103u din 31.01.2007 &nbsp; In contextul strategiei na\u0163ionale de edificare a societ\u0103\u0163ii informa\u0163ionale \u015fi realiz\u0103rii tendin\u0163elor de integrare european\u0103re\u0163eaua RENAM, recunoscut\u0103 de consor\u0163iul GEANT ca re\u0163eaua na\u0163ional\u0103 a Moldovei cu dreptul exclusiv de acces la re\u0163eaua academic\u0103 transeuropean\u0103 GEANT, contribuie semnificativ la amplificarea eforturilor de cooperare \u00een domeniul dezvolt\u0103rii serviciilor de transport date \u015fi acces Internet pentru satisfacerea necesit\u0103\u0163ilor comunica\u0163ionale \u015fi informa\u0163ionale ale institu\u0163iilor din domeniul \u015ftiin\u0163ei, educa\u0163iei \u015fi medicinii. Examin\u00e2nd realiz\u0103rile \u015fi perspectivele de dezvoltare a re\u0163elei RENAM, prezentate \u00een rapoartele acad. A. Andrie\u015f, dr. G. Secrieru, dlui I. Covalenco, dr. V. Sidorenco, Consiliul RENAM HOT\u0102R\u0102\u015eTE: A aproba: Planul de ac\u0163iuni pe anul 2007 privind dezvoltarea infrastructurii re\u0163elei RENAM \u015fi de prestare a serviciilor informa\u0163ionale. (Anexa 1); Regulamentul privind politica utiliz\u0103rii re\u0163elei RENAM (Anexa 2). A accepta: raportul cu privire la activitatea tehnico-organizatoric\u0103 \u015fi economic\u0103 a direc\u0163iei executive \u00een anul 2006; bugetul re\u0163elei comunit\u0103\u0163ii \u015ftiin\u0163ifico-educative RENAM pe anul 2007 raportul Comisiei de revizie cu privire la activitatea direc\u0163iei executive \u00een anul 2006. A defini, \u00een corelare cu Planul de ac\u0163iuni pe anul 2007, ca obiective prioritare ale activit\u0103\u0163ii tehnico-organizatorice \u015fi economice a direc\u0163iei executive majorarea capacit\u0103\u0163ii canalului extern RENAM &#8212; RoEduNet &#8212; GEANT p\u00e2n\u0103 la 155 Mbps \u015fi cre\u015fterea nivelului calit\u0103\u0163ii serviciilor prestate pentru satisfacerea necesit\u0103\u0163ilor de transport date \u015fi acces Internet ale institu\u0163iilor din domeniul \u015ftiin\u0163ei, educa\u0163iei \u015fi medicinii, extinderea ariei re\u0163elei RENAM \u015fi organizarea \u00een trimestrul II al anului 2007 a conferin\u0163ei cu utilizatorii re\u0163elei RENAM. A considera oportun intensificarea cooper\u0103rii cu Ministerul Educa\u0163iei \u015fi Tineretului \u00een domeniul dezvolt\u0103rii \u015fi utiliz\u0103rii re\u0163elei RENAM, precum \u015fi promovarea activit\u0103\u0163ii RENAM la nivelul organelor de Stat \u015fi \u00een organismele interna\u0163ionale. A recomanda direc\u0163iei executive s\u0103 organizeze conlucrarea cu USM (Laboratorul Microsoft ) viz\u00e2nd distribuirea softului licen\u0163iat Microsoft pentru comunitatea utilizatorilor RENAM (persoane fizice \u015fi institu\u0163ii din domeniul \u015ftiin\u0163ei, educa\u0163iei \u015fi medicinii). A accepta activitatea direc\u0163iei executive privind promovarea particip\u0103rii RENAM la elaborarea \u015fi realizarea proiectelor interna\u0163ionale, regionale \u015fi na\u0163ionale \u00een domeniul dezvolt\u0103rii infrastructurii re\u0163elei, tehnologiilor informa\u0163ionale si implement\u0103rii serviciilor noi. \u00cen scopul elabor\u0103rii strategiei de dezvoltare \u015fi avansare a nivelului serviciilor prestate direc\u0163ia executiv\u0103 va efectua studiul pe\u0163ii actuale de servicii transport date \u015fi acces Internet. \u00cen scopul perfec\u0163ion\u0103rii activit\u0103\u0163ii de exploatare \u015fi administrare a re\u0163elei RENAM cu magistrale \u015fi nodurile principale ale re\u0163elelor corporative institu\u0163ionale, \u00een trimestrul I al anului curent direc\u0163ia executiv\u0103 va elabora \u015fi prezenta spre aprobare Biroului Consiliului conceptul de activitate \u015fi modul de finan\u0163are a unui grup comun de ingineri califica\u0163i, orientat s\u0103 asigure func\u0163ionarea re\u0163elelor \u015fi prestarea serviciilor la un nivel avansat calitativ. Conform Regulamentul privind activitatea Consiliului AO RENAN \u015fi procedurii de rota\u0163ie aprobate la \u015fedin\u0163a Consiliului AO RENAM nr. 01-12 din 16.12.2004, a numi academicianul Ion Bostan, Rectorul UTM, \u00een calitate de pre\u015fedinte al Consiliului Asocia\u0163iei RENAM pe anul 2007. Pre\u015fedintele \u015fedin\u0163ei Consiliului A.O. RENAM, _____________________________________ M. cor, prof. Gheorghe RUSNAC, Rectorul USM, Pre\u015fedintele Consiliului Rectorilor universit\u0103\u0163ilor din Moldova.<\/p>\n","protected":false},"author":5,"featured_media":0,"parent":893,"menu_order":0,"comment_status":"closed","ping_status":"closed","template":"about.php","meta":{"_locale":"ru_RU","_original_post":"619","footnotes":""},"class_list":["post-1078","page","type-page","status-publish","hentry","ru-RU"],"_links":{"self":[{"href":"https:\/\/renam.md\/wp-json\/wp\/v2\/pages\/1078","targetHints":{"allow":["GET"]}}],"collection":[{"href":"https:\/\/renam.md\/wp-json\/wp\/v2\/pages"}],"about":[{"href":"https:\/\/renam.md\/wp-json\/wp\/v2\/types\/page"}],"author":[{"embeddable":true,"href":"https:\/\/renam.md\/wp-json\/wp\/v2\/users\/5"}],"replies":[{"embeddable":true,"href":"https:\/\/renam.md\/wp-json\/wp\/v2\/comments?post=1078"}],"version-history":[{"count":1,"href":"https:\/\/renam.md\/wp-json\/wp\/v2\/pages\/1078\/revisions"}],"predecessor-version":[{"id":1079,"href":"https:\/\/renam.md\/wp-json\/wp\/v2\/pages\/1078\/revisions\/1079"}],"up":[{"embeddable":true,"href":"https:\/\/renam.md\/wp-json\/wp\/v2\/pages\/893"}],"wp:attachment":[{"href":"https:\/\/renam.md\/wp-json\/wp\/v2\/media?parent=1078"}],"curies":[{"name":"wp","href":"https:\/\/api.w.org\/{rel}","templated":true}]}}