{"id":893,"date":"2017-05-08T14:23:38","date_gmt":"2017-05-08T14:23:38","guid":{"rendered":"https:\/\/renam.md\/?page_id=893"},"modified":"2026-03-18T14:43:57","modified_gmt":"2026-03-18T12:43:57","slug":"renam-documents","status":"publish","type":"page","link":"https:\/\/renam.md\/ru\/about\/renam-documents\/","title":{"rendered":"\u0414\u043e\u043a\u0443\u043c\u0435\u043d\u0442\u044b"},"content":{"rendered":"<fieldset>\n<legend>\u041e\u0444\u0438\u0446\u0438\u0430\u043b\u044c\u043d\u044b\u0435 \u0434\u043e\u043a\u0443\u043c\u0435\u043d\u0442\u044b RENAM<\/legend>\n<ul>\n<li><a href=\"https:\/\/renam.md\/wp-content\/uploads\/2026\/02\/Acord_colaborare_MEC_RENAM_august_2025.pdf\" target=\"_blank\" rel=\"noopener\">Acord de colaborare \u015fi parteneriat pentru dezvoltarea platformei NREN RENAM-GEANT \u015fi valorificarea serviciilor specifice \u00een sectorul na\u021bional de educa\u021bie \u015fi cercetare \u2013 2025<\/a>\u00a0(ro)<\/li>\n<li><a href=\"https:\/\/renam.md\/wp-content\/uploads\/2017\/02\/PlanActMemorand16-GV_f.pdf\" target=\"_blank\" rel=\"noopener noreferrer\">Planul Strategic de Ac\u021biuni 2016-2020<\/a><\/li>\n<li><a href=\"https:\/\/renam.md\/wp-content\/uploads\/2017\/02\/Memorand_RENAM-2016.pdf\" target=\"_blank\" rel=\"noopener noreferrer\">Memorandum de Colaborare \u0219i Parteneriat<\/a><\/li>\n<li>\n<div><a href=\"https:\/\/renam.md\/about\/renam-documents\/sedinta-consiliului-renam-hotarare-11-01\/\" target=\"_self\" rel=\"noopener noreferrer\">Hot\u0103r\u00eerea \u0218edin\u021bei Consiliului RENAM din 31.03.2011<\/a><\/div>\n<\/li>\n<li>\n<div><a href=\"https:\/\/renam.md\/about\/renam-documents\/hotarirea-consiliului-suprem-pentru-stiinta-si-dezvoltare-tehnologica-al-asm-din-15-11-2010\/\" target=\"_self\" rel=\"noopener noreferrer\">Hot\u0103r\u00eerea Consiliului Suprem pentru \u015etiin\u0163\u0103 \u015fi Dezvoltare Tehnologic\u0103 al A\u015eM din 15.11.2010<\/a><\/div>\n<\/li>\n<li>\n<div><a href=\"https:\/\/renam.md\/about\/renam-documents\/hotarirea-consiliului-rectorilor-din-republica-moldova-din-4-11-2010\/\" target=\"_self\" rel=\"noopener noreferrer\">Hot\u0103r\u00eerea Consiliului Rectorilor din Republica Moldova din 4.11.2010<\/a><\/div>\n<\/li>\n<li><a href=\"https:\/\/renam.md\/about\/renam-documents\/planul-de-actiuni-renam-2007\/\" target=\"_self\" rel=\"noopener noreferrer\">Planul de ac\u0163iuni RENAM &#8212; 2007<\/a><\/li>\n<li><a href=\"https:\/\/renam.md\/about\/renam-documents\/biroul-consiliului-ao-renam-pe-anul-2007\/\" target=\"_self\" rel=\"noopener noreferrer\">Lista Membrilor biroului Consiliului RENAM &#8212; 2007<\/a><\/li>\n<li><a href=\"https:\/\/renam.md\/about\/renam-documents\/lista-membrilor-biroului-consiliului-renam-2006\/\" target=\"_self\" rel=\"noopener noreferrer\">Lista Membrilor biroului Consiliului RENAM &#8212; 2006<\/a><\/li>\n<li><a href=\"https:\/\/renam.md\/about\/renam-documents\/renam-public-association-council-regulation\/\" target=\"_self\" rel=\"noopener noreferrer\">RENAM Public Association Council Regulation<\/a><\/li>\n<li><a title=\"Edit Content\" href=\"https:\/\/renam.md\/about\/renam-documents\/regulamentul-consiliului-asociaciei-renam\/\" target=\"_self\" rel=\"noopener noreferrer\">Regulamentul Consiliului Asociaciei RENAM<\/a><\/li>\n<li><a href=\"https:\/\/renam.md\/about\/renam-documents\/accord-de-cooperare-in-tehnologii-informationale\/\" target=\"_self\" rel=\"noopener noreferrer\">Accord de cooperare in tehnologii informationale<\/a> (ro)<\/li>\n<li><a href=\"https:\/\/renam.md\/about\/renam-documents\/agreement-of-collaboration-in-the-field-of-information-technology\/\" target=\"_self\" rel=\"noopener noreferrer\">Agreement of collaboration in the field of information technology<\/a> (en)<\/li>\n<\/ul>\n<\/fieldset>\n<fieldset>\n<legend>Hot\u0103r\u00e2rile Consiliului RENAM<\/legend>\n<ul>\n<li><a title=\"Edit Content\" href=\"https:\/\/renam.md\/about\/renam-documents\/sedinta-consiliului-a-o-renam-2006\/\" target=\"_self\" rel=\"noopener noreferrer\">Sedinta Consiliului A.O. RENAM &#8212; 2006<\/a><\/li>\n<li><a title=\"Edit Content\" href=\"https:\/\/renam.md\/about\/renam-documents\/sedinta-consiliului-a-o-renam-2005\/\" target=\"_self\" rel=\"noopener noreferrer\">Sedinta Consiliului A.O. RENAM &#8212; 2005<\/a><\/li>\n<li><a title=\"Edit Content\" href=\"https:\/\/renam.md\/about\/renam-documents\/sedinta-consiliului-a-o-renam-2004\/\" target=\"_self\" rel=\"noopener noreferrer\">Sedinta Consiliului A.O. RENAM &#8212; 2004<\/a><\/li>\n<li><a title=\"Edit Content\" href=\"https:\/\/renam.md\/about\/renam-documents\/sedinta-consiliului-a-o-renam-2003\/\" target=\"_self\" rel=\"noopener noreferrer\">Sedinta Consiliului A.O. RENAM &#8212; 2003<\/a><\/li>\n<\/ul>\n<\/fieldset>\n<fieldset>\n<legend>Documents archive<\/legend>\n<ul>\n<li><a href=\"https:\/\/renam.md\/wp-content\/uploads\/2016\/12\/doc1.zip\" target=\"_self\" rel=\"noopener noreferrer\">RENAM documents archive<\/a><\/li>\n<\/ul>\n<\/fieldset>\n<fieldset>\n<legend>RENAM Association rules and regulations<\/legend>\n<ul class=\"list-type: none;\">\n<li class=\"mainbody\">Parametri de calitate 2020 (<a href=\"https:\/\/renam.md\/wp-content\/uploads\/2020\/12\/RENAM-Indicatori-Calitate-Anexa-1-Sem1-2020.pdf\" target=\"_blank\" rel=\"noopener noreferrer\">Anexa 1<\/a>, <a href=\"https:\/\/renam.md\/wp-content\/uploads\/2020\/12\/RENAM-Indicatori-Calitate-Anexa-2-Sem1-2020.pdf\" target=\"_blank\" rel=\"noopener noreferrer\">Anexa 2<\/a>)<\/li>\n<li class=\"mainbody\"><a href=\"https:\/\/renam.md\/about\/renam-documents\/parametri-de-calitate\/\" target=\"_self\" rel=\"noopener noreferrer\">Parametri de calitate 2017<\/a><\/li>\n<li class=\"mainbody\"><a href=\"https:\/\/renam.md\/wp-content\/uploads\/2016\/12\/contract_servicii_RENAM.pdf\" target=\"_self\" rel=\"noopener noreferrer\">Clauzele contractuale standart<\/a><\/li>\n<li class=\"mainbody\"><a href=\"https:\/\/renam.md\/wp-content\/uploads\/2016\/12\/procedura_reclamatiilor.pdf\" target=\"_self\" rel=\"noopener noreferrer\">Conditiile de furnizare si utilizare a serviciilor\/procedura de examinare a reclamatiilor<\/a><\/li>\n<li class=\"mainbody\"><a href=\"https:\/\/renam.md\/about\/renam-documents\/accessible-use-policy-for-renam-data-communication-infrastructure\/\" target=\"_self\" rel=\"noopener noreferrer\">Accessible Use Policy for RENAM Data Communication Infrastructure<\/a><\/li>\n<li><span class=\"mainbody\"><a href=\"https:\/\/renam.md\/about\/renam-documents\/regulament-de-utilizare-accesibila-a-infrastructurii-de-comunicatii-de-date-renam\/\" target=\"_self\" rel=\"noopener noreferrer\">Regulament de Utilizare Accesibila a Infrastructurii de Comunicatii de Date RENAM<\/a> <\/span><\/li>\n<li class=\"mainbody\"><a href=\"https:\/\/renam.md\/regulament-despre-procedurile-de-asociere-a-membrilor-participanti-ai-asociatiei-obstesti-renam\/\" target=\"_self\" rel=\"noopener noreferrer\">Regulament despre procedurile de asociere a membrilor participanti ai Asociatiei Obstesti RENAM<\/a> (ro)<\/li>\n<li class=\"mainbody\"><a href=\"https:\/\/renam.md\/application-for-renam-membership\/\" target=\"_self\" rel=\"noopener noreferrer\">Application for RENAM membership<\/a> (en)<\/li>\n<\/ul>\n<\/fieldset>\n<fieldset>\n<legend>RENAM Association foundation documents<\/legend>\n<ul>\n<li><a href=\"https:\/\/renam.md\/registration-certificate-en\/\" target=\"_self\" rel=\"noopener noreferrer\">Registration certificate (en)<\/a><\/li>\n<li><a href=\"https:\/\/renam.md\/wp-content\/uploads\/2016\/12\/certificat_ro.jpg\" target=\"_self\" rel=\"noopener noreferrer\">Registration certificate (ro)<\/a><\/li>\n<\/ul>\n<\/fieldset>\n<fieldset>\n<legend>RENAM Association Licence<\/legend>\n<ul>\n<li><a href=\"https:\/\/renam.md\/wp-content\/uploads\/2016\/12\/licence2009.jpg\" target=\"_self\" rel=\"noopener noreferrer\">Prestarea serviciilor in domenul informaticii<\/a><\/li>\n<\/ul>\n<\/fieldset>\n","protected":false},"excerpt":{"rendered":"<p>\u041e\u0444\u0438\u0446\u0438\u0430\u043b\u044c\u043d\u044b\u0435 \u0434\u043e\u043a\u0443\u043c\u0435\u043d\u0442\u044b RENAM Acord de colaborare \u015fi parteneriat pentru dezvoltarea platformei NREN RENAM-GEANT \u015fi valorificarea serviciilor specifice \u00een sectorul na\u021bional de educa\u021bie \u015fi cercetare \u2013 2025\u00a0(ro) Planul Strategic de Ac\u021biuni 2016-2020 Memorandum de Colaborare \u0219i Parteneriat Hot\u0103r\u00eerea \u0218edin\u021bei Consiliului RENAM din 31.03.2011 Hot\u0103r\u00eerea Consiliului Suprem pentru \u015etiin\u0163\u0103 \u015fi Dezvoltare Tehnologic\u0103 al A\u015eM din 15.11.2010 Hot\u0103r\u00eerea Consiliului Rectorilor din Republica Moldova din 4.11.2010 Planul de ac\u0163iuni RENAM &#8212; 2007 Lista Membrilor biroului Consiliului RENAM &#8212; 2007 Lista Membrilor biroului Consiliului RENAM &#8212; 2006 RENAM Public Association Council Regulation Regulamentul Consiliului Asociaciei RENAM Accord de cooperare in tehnologii informationale (ro) Agreement of collaboration in the field of information technology (en) Hot\u0103r\u00e2rile Consiliului RENAM Sedinta Consiliului A.O. RENAM &#8212; 2006 Sedinta Consiliului A.O. RENAM &#8212; 2005 Sedinta Consiliului A.O. RENAM &#8212; 2004 Sedinta Consiliului A.O. RENAM &#8212; 2003 Documents archive RENAM documents archive RENAM Association rules and regulations Parametri de calitate 2020 (Anexa 1, Anexa 2) Parametri de calitate 2017 Clauzele contractuale standart Conditiile de furnizare si utilizare a serviciilor\/procedura de examinare a reclamatiilor Accessible Use Policy for RENAM Data Communication Infrastructure Regulament de Utilizare Accesibila a Infrastructurii de Comunicatii de Date RENAM Regulament despre procedurile de asociere a membrilor participanti ai Asociatiei Obstesti RENAM (ro) Application for RENAM membership (en) RENAM Association foundation documents Registration certificate (en) Registration certificate (ro) RENAM Association Licence Prestarea serviciilor in domenul informaticii<\/p>\n","protected":false},"author":5,"featured_media":0,"parent":878,"menu_order":0,"comment_status":"closed","ping_status":"closed","template":"about.php","meta":{"_locale":"ru_RU","_original_post":"336","footnotes":""},"class_list":["post-893","page","type-page","status-publish","hentry","ru-RU"],"_links":{"self":[{"href":"https:\/\/renam.md\/wp-json\/wp\/v2\/pages\/893","targetHints":{"allow":["GET"]}}],"collection":[{"href":"https:\/\/renam.md\/wp-json\/wp\/v2\/pages"}],"about":[{"href":"https:\/\/renam.md\/wp-json\/wp\/v2\/types\/page"}],"author":[{"embeddable":true,"href":"https:\/\/renam.md\/wp-json\/wp\/v2\/users\/5"}],"replies":[{"embeddable":true,"href":"https:\/\/renam.md\/wp-json\/wp\/v2\/comments?post=893"}],"version-history":[{"count":4,"href":"https:\/\/renam.md\/wp-json\/wp\/v2\/pages\/893\/revisions"}],"predecessor-version":[{"id":2998,"href":"https:\/\/renam.md\/wp-json\/wp\/v2\/pages\/893\/revisions\/2998"}],"up":[{"embeddable":true,"href":"https:\/\/renam.md\/wp-json\/wp\/v2\/pages\/878"}],"wp:attachment":[{"href":"https:\/\/renam.md\/wp-json\/wp\/v2\/media?parent=893"}],"curies":[{"name":"wp","href":"https:\/\/api.w.org\/{rel}","templated":true}]}}